{"id":1576,"date":"2024-04-11T09:53:02","date_gmt":"2024-04-11T07:53:02","guid":{"rendered":"https:\/\/dbmetal.de\/?page_id=1576"},"modified":"2024-06-25T09:43:58","modified_gmt":"2024-06-25T07:43:58","slug":"galeria-ogrodzen-z-podwojnej-siatki-drucianej","status":"publish","type":"page","link":"https:\/\/dbmetal.de\/pl\/galeria\/galeria-ogrodzen-z-podwojnej-siatki-drucianej\/","title":{"rendered":"Galeria Ogrodze\u0144 Z Podw\u00f3jnej Siatki Drucianej"},"content":{"rendered":"<div data-elementor-type=\"wp-page\" data-elementor-id=\"1576\" class=\"elementor elementor-1576\" data-elementor-post-type=\"page\">\n\t\t\t\t<div class=\"elementor-element elementor-element-75eeddf3 e-flex e-con-boxed e-con e-parent\" data-id=\"75eeddf3\" data-element_type=\"container\" data-settings=\"{&quot;background_background&quot;:&quot;classic&quot;,&quot;background_motion_fx_motion_fx_scrolling&quot;:&quot;yes&quot;,&quot;background_motion_fx_translateY_effect&quot;:&quot;yes&quot;,&quot;background_motion_fx_translateY_direction&quot;:&quot;negative&quot;,&quot;background_motion_fx_translateY_speed&quot;:{&quot;unit&quot;:&quot;px&quot;,&quot;size&quot;:4,&quot;sizes&quot;:[]},&quot;background_motion_fx_translateY_affectedRange&quot;:{&quot;unit&quot;:&quot;%&quot;,&quot;size&quot;:&quot;&quot;,&quot;sizes&quot;:{&quot;start&quot;:0,&quot;end&quot;:100}},&quot;background_motion_fx_devices&quot;:[&quot;widescreen&quot;,&quot;desktop&quot;,&quot;laptop&quot;,&quot;tablet_extra&quot;,&quot;tablet&quot;,&quot;mobile_extra&quot;,&quot;mobile&quot;]}\">\n\t\t\t\t\t<div class=\"e-con-inner\">\n\t\t<div class=\"elementor-element elementor-element-4059a82f e-con-full e-flex e-con e-child\" data-id=\"4059a82f\" data-element_type=\"container\">\n\t\t\t\t<div class=\"elementor-element elementor-element-1b6a5b04 elementor-invisible elementor-widget elementor-widget-heading\" data-id=\"1b6a5b04\" data-element_type=\"widget\" data-settings=\"{&quot;_animation&quot;:&quot;fadeInDown&quot;}\" data-widget_type=\"heading.default\">\n\t\t\t\t\t<h1 class=\"elementor-heading-title elementor-size-default\">Galeria Ogrodze\u0144 Z Podw\u00f3jnej Siatki Drucianej<\/h1>\t\t\t\t<\/div>\n\t\t\t\t<div class=\"elementor-element elementor-element-6334e3d5 elementor-invisible elementor-widget elementor-widget-text-editor\" data-id=\"6334e3d5\" data-element_type=\"widget\" data-settings=\"{&quot;_animation&quot;:&quot;fadeIn&quot;,&quot;_animation_delay&quot;:480}\" data-widget_type=\"text-editor.default\">\n\t\t\t\t\t\t\t\t\t<p>Gdzie polska jako\u015b\u0107 spotyka si\u0119 z niemieck\u0105 precyzj\u0105.<\/p>\t\t\t\t\t\t\t\t<\/div>\n\t\t\t\t<\/div>\n\t\t\t\t\t<\/div>\n\t\t\t\t<\/div>\n\t\t<div class=\"elementor-element elementor-element-213343ff e-flex e-con-boxed e-con e-parent\" data-id=\"213343ff\" data-element_type=\"container\" data-settings=\"{&quot;background_background&quot;:&quot;classic&quot;}\">\n\t\t\t\t\t<div class=\"e-con-inner\">\n\t\t<div class=\"elementor-element elementor-element-68dc0928 e-con-full e-flex e-con e-child\" data-id=\"68dc0928\" data-element_type=\"container\">\n\t\t\t\t<div class=\"elementor-element elementor-element-8ef7cca elementor-widget elementor-widget-sp-breadcrumbs\" data-id=\"8ef7cca\" data-element_type=\"widget\" data-widget_type=\"sp-breadcrumbs.default\">\n\t\t\t\t<div class=\"elementor-widget-container\">\n\t\t\t\t\t<nav  aria-label=\"okruszki\"><ol class=\"breadcrumb\" itemscope itemtype=\"https:\/\/schema.org\/BreadcrumbList\"><li class=\"breadcrumb-item active\" aria-current=\"page\" itemprop=\"itemListElement\" itemscope itemtype=\"https:\/\/schema.org\/ListItem\"><span itemprop=\"name\">Home<\/span><meta itemprop=\"position\" content=\"1\"><\/li><\/ol><\/nav>\t\t\t\t<\/div>\n\t\t\t\t<\/div>\n\t\t\t\t<\/div>\n\t\t\t\t\t<\/div>\n\t\t\t\t<\/div>\n\t\t<div class=\"elementor-element elementor-element-1b9907ee e-flex e-con-boxed e-con e-parent\" data-id=\"1b9907ee\" data-element_type=\"container\">\n\t\t\t\t\t<div class=\"e-con-inner\">\n\t\t<div class=\"elementor-element elementor-element-7344a114 e-con-full e-flex e-con e-child\" data-id=\"7344a114\" data-element_type=\"container\">\n\t\t\t\t<div class=\"elementor-element elementor-element-fba0a86 elementor-widget elementor-widget-heading\" data-id=\"fba0a86\" data-element_type=\"widget\" data-widget_type=\"heading.default\">\n\t\t\t\t\t<h2 class=\"elementor-heading-title elementor-size-default\">Inspiracje i projekty<\/h2>\t\t\t\t<\/div>\n\t\t\t\t<div class=\"elementor-element elementor-element-1698b70 elementor-widget elementor-widget-text-editor\" data-id=\"1698b70\" data-element_type=\"widget\" data-widget_type=\"text-editor.default\">\n\t\t\t\t\t\t\t\t\t<p>Witamy w naszej galerii wyj\u0105tkowych ogrodze\u0144 z podw\u00f3jnej siatki drucianej, kt\u00f3re \u0142\u0105cz\u0105 w sobie funkcjonalno\u015b\u0107, bezpiecze\u0144stwo i estetyczny wygl\u0105d. Odkryj, jak r\u00f3\u017cnorodno\u015b\u0107 kszta\u0142t\u00f3w i obr\u00f3bki powierzchni mo\u017ce nada\u0107 ka\u017cdej nieruchomo\u015bci indywidualny charakter. Odkryj, jak nasze projekty odzwierciedlaj\u0105 niemiecki gust i polsk\u0105 dba\u0142o\u015b\u0107 o szczeg\u00f3\u0142y.<\/p><p>Ka\u017cde zdj\u0119cie to cz\u0119\u015b\u0107 naszej historii sukcesu i zadowolenia naszych klient\u00f3w, kt\u00f3rzy zaufali polskiej jako\u015bci i niemieckiej wra\u017cliwo\u015bci estetycznej. Daj si\u0119 zainspirowa\u0107 i wybierz ogrodzenie, kt\u00f3re stanie si\u0119 wizyt\u00f3wk\u0105 Twojego domu. Nasze ogrodzenia to podstawa wymarzonego krajobrazu.<\/p>\t\t\t\t\t\t\t\t<\/div>\n\t\t\t\t<\/div>\n\t\t<div class=\"elementor-element elementor-element-11470aee e-con-full e-flex e-con e-child\" data-id=\"11470aee\" data-element_type=\"container\">\n\t\t<div class=\"elementor-element elementor-element-32af160d e-con-full e-flex elementor-invisible e-con e-child\" data-id=\"32af160d\" data-element_type=\"container\" data-settings=\"{&quot;background_background&quot;:&quot;classic&quot;,&quot;animation&quot;:&quot;fadeInUp&quot;}\">\n\t\t\t\t<div class=\"elementor-element elementor-element-43f8b592 elementor-widget elementor-widget-heading\" data-id=\"43f8b592\" data-element_type=\"widget\" data-widget_type=\"heading.default\">\n\t\t\t\t\t<h3 class=\"elementor-heading-title elementor-size-default\">Inne projekty<\/h3>\t\t\t\t<\/div>\n\t\t\t\t<div class=\"elementor-element elementor-element-6997f339 elementor-widget-divider--view-line elementor-widget elementor-widget-divider\" data-id=\"6997f339\" data-element_type=\"widget\" data-widget_type=\"divider.default\">\n\t\t\t\t\t\t\t<div class=\"elementor-divider\">\n\t\t\t<span class=\"elementor-divider-separator\">\n\t\t\t\t\t\t<\/span>\n\t\t<\/div>\n\t\t\t\t\t\t<\/div>\n\t\t\t\t<div class=\"elementor-element elementor-element-34aad61 elementor-position-right elementor-mobile-position-right elementor-view-default elementor-widget elementor-widget-icon-box\" data-id=\"34aad61\" data-element_type=\"widget\" data-widget_type=\"icon-box.default\">\n\t\t\t\t\t\t\t<div class=\"elementor-icon-box-wrapper\">\n\n\t\t\t\t\t\t<div class=\"elementor-icon-box-icon\">\n\t\t\t\t<a href=\"https:\/\/dbmetal.de\/pl\/galeria\/galeria-ogrodzen-metalowych\/\" class=\"elementor-icon\" tabindex=\"-1\" aria-label=\"Galeria ogrodze\u0144 metalowych\">\n\t\t\t\t<i aria-hidden=\"true\" class=\"mdi mdi-chevron-double-right\"><\/i>\t\t\t\t<\/a>\n\t\t\t<\/div>\n\t\t\t\n\t\t\t\t\t\t<div class=\"elementor-icon-box-content\">\n\n\t\t\t\t\t\t\t\t\t<div class=\"elementor-icon-box-title\">\n\t\t\t\t\t\t<a href=\"https:\/\/dbmetal.de\/pl\/galeria\/galeria-ogrodzen-metalowych\/\" >\n\t\t\t\t\t\t\tGaleria ogrodze\u0144 metalowych\t\t\t\t\t\t<\/a>\n\t\t\t\t\t<\/div>\n\t\t\t\t\n\t\t\t\t\n\t\t\t<\/div>\n\t\t\t\n\t\t<\/div>\n\t\t\t\t\t\t<\/div>\n\t\t\t\t<div class=\"elementor-element elementor-element-6e5707d8 elementor-position-right elementor-mobile-position-right elementor-view-default elementor-widget elementor-widget-icon-box\" data-id=\"6e5707d8\" data-element_type=\"widget\" data-widget_type=\"icon-box.default\">\n\t\t\t\t\t\t\t<div class=\"elementor-icon-box-wrapper\">\n\n\t\t\t\t\t\t<div class=\"elementor-icon-box-icon\">\n\t\t\t\t<a href=\"https:\/\/dbmetal.de\/pl\/galeria\/galeria-ogrodzen-nowoczesnych\/\" class=\"elementor-icon\" tabindex=\"-1\" aria-label=\"Galeria ogrodze\u0144 nowoczesnych\">\n\t\t\t\t<i aria-hidden=\"true\" class=\"mdi mdi-chevron-double-right\"><\/i>\t\t\t\t<\/a>\n\t\t\t<\/div>\n\t\t\t\n\t\t\t\t\t\t<div class=\"elementor-icon-box-content\">\n\n\t\t\t\t\t\t\t\t\t<div class=\"elementor-icon-box-title\">\n\t\t\t\t\t\t<a href=\"https:\/\/dbmetal.de\/pl\/galeria\/galeria-ogrodzen-nowoczesnych\/\" >\n\t\t\t\t\t\t\tGaleria ogrodze\u0144 nowoczesnych\t\t\t\t\t\t<\/a>\n\t\t\t\t\t<\/div>\n\t\t\t\t\n\t\t\t\t\n\t\t\t<\/div>\n\t\t\t\n\t\t<\/div>\n\t\t\t\t\t\t<\/div>\n\t\t\t\t<div class=\"elementor-element elementor-element-a1521b6 elementor-position-right elementor-mobile-position-right elementor-view-default elementor-widget elementor-widget-icon-box\" data-id=\"a1521b6\" data-element_type=\"widget\" data-widget_type=\"icon-box.default\">\n\t\t\t\t\t\t\t<div class=\"elementor-icon-box-wrapper\">\n\n\t\t\t\t\t\t<div class=\"elementor-icon-box-icon\">\n\t\t\t\t<a href=\"https:\/\/dbmetal.de\/pl\/galeria\/galeria-ogrodzen-z-kutego-zelaza\/\" class=\"elementor-icon\" tabindex=\"-1\" aria-label=\"Galeria ogrodze\u0144 z kutego \u017celaza\">\n\t\t\t\t<i aria-hidden=\"true\" class=\"mdi mdi-chevron-double-right\"><\/i>\t\t\t\t<\/a>\n\t\t\t<\/div>\n\t\t\t\n\t\t\t\t\t\t<div class=\"elementor-icon-box-content\">\n\n\t\t\t\t\t\t\t\t\t<div class=\"elementor-icon-box-title\">\n\t\t\t\t\t\t<a href=\"https:\/\/dbmetal.de\/pl\/galeria\/galeria-ogrodzen-z-kutego-zelaza\/\" >\n\t\t\t\t\t\t\tGaleria ogrodze\u0144 z kutego \u017celaza\t\t\t\t\t\t<\/a>\n\t\t\t\t\t<\/div>\n\t\t\t\t\n\t\t\t\t\n\t\t\t<\/div>\n\t\t\t\n\t\t<\/div>\n\t\t\t\t\t\t<\/div>\n\t\t\t\t<div class=\"elementor-element elementor-element-3c8b0bd1 elementor-position-right elementor-mobile-position-right elementor-view-default elementor-widget elementor-widget-icon-box\" data-id=\"3c8b0bd1\" data-element_type=\"widget\" data-widget_type=\"icon-box.default\">\n\t\t\t\t\t\t\t<div class=\"elementor-icon-box-wrapper\">\n\n\t\t\t\t\t\t<div class=\"elementor-icon-box-icon\">\n\t\t\t\t<a href=\"https:\/\/dbmetal.de\/pl\/galeria\/galeria-ogrodzen-z-podwojnej-siatki-drucianej\/\" class=\"elementor-icon\" tabindex=\"-1\" aria-label=\"Galeria Ogrodze\u0144 Z Podw\u00f3jnej Siatki Drucianej\">\n\t\t\t\t<i aria-hidden=\"true\" class=\"mdi mdi-chevron-double-right\"><\/i>\t\t\t\t<\/a>\n\t\t\t<\/div>\n\t\t\t\n\t\t\t\t\t\t<div class=\"elementor-icon-box-content\">\n\n\t\t\t\t\t\t\t\t\t<div class=\"elementor-icon-box-title\">\n\t\t\t\t\t\t<a href=\"https:\/\/dbmetal.de\/pl\/galeria\/galeria-ogrodzen-z-podwojnej-siatki-drucianej\/\" >\n\t\t\t\t\t\t\tGaleria Ogrodze\u0144 Z Podw\u00f3jnej Siatki Drucianej\t\t\t\t\t\t<\/a>\n\t\t\t\t\t<\/div>\n\t\t\t\t\n\t\t\t\t\n\t\t\t<\/div>\n\t\t\t\n\t\t<\/div>\n\t\t\t\t\t\t<\/div>\n\t\t\t\t<div class=\"elementor-element elementor-element-1ee100c1 elementor-position-right elementor-mobile-position-right elementor-view-default elementor-widget elementor-widget-icon-box\" data-id=\"1ee100c1\" data-element_type=\"widget\" data-widget_type=\"icon-box.default\">\n\t\t\t\t\t\t\t<div class=\"elementor-icon-box-wrapper\">\n\n\t\t\t\t\t\t<div class=\"elementor-icon-box-icon\">\n\t\t\t\t<a href=\"https:\/\/dbmetal.de\/pl\/galeria\/galeria-bram-i-furtek\/\" class=\"elementor-icon\" tabindex=\"-1\" aria-label=\"Galeria Bram i Furtek\">\n\t\t\t\t<i aria-hidden=\"true\" class=\"mdi mdi-chevron-double-right\"><\/i>\t\t\t\t<\/a>\n\t\t\t<\/div>\n\t\t\t\n\t\t\t\t\t\t<div class=\"elementor-icon-box-content\">\n\n\t\t\t\t\t\t\t\t\t<div class=\"elementor-icon-box-title\">\n\t\t\t\t\t\t<a href=\"https:\/\/dbmetal.de\/pl\/galeria\/galeria-bram-i-furtek\/\" >\n\t\t\t\t\t\t\tGaleria Bram i Furtek\t\t\t\t\t\t<\/a>\n\t\t\t\t\t<\/div>\n\t\t\t\t\n\t\t\t\t\n\t\t\t<\/div>\n\t\t\t\n\t\t<\/div>\n\t\t\t\t\t\t<\/div>\n\t\t\t\t<div class=\"elementor-element elementor-element-207b96c6 elementor-position-right elementor-mobile-position-right elementor-view-default elementor-widget elementor-widget-icon-box\" data-id=\"207b96c6\" data-element_type=\"widget\" data-widget_type=\"icon-box.default\">\n\t\t\t\t\t\t\t<div class=\"elementor-icon-box-wrapper\">\n\n\t\t\t\t\t\t<div class=\"elementor-icon-box-icon\">\n\t\t\t\t<a href=\"https:\/\/dbmetal.de\/pl\/galeria\/galeria-systemow-bram-automatycznych\/\" class=\"elementor-icon\" tabindex=\"-1\" aria-label=\"Galeria system\u00f3w bram automatycznych\">\n\t\t\t\t<i aria-hidden=\"true\" class=\"mdi mdi-chevron-double-right\"><\/i>\t\t\t\t<\/a>\n\t\t\t<\/div>\n\t\t\t\n\t\t\t\t\t\t<div class=\"elementor-icon-box-content\">\n\n\t\t\t\t\t\t\t\t\t<div class=\"elementor-icon-box-title\">\n\t\t\t\t\t\t<a href=\"https:\/\/dbmetal.de\/pl\/galeria\/galeria-systemow-bram-automatycznych\/\" >\n\t\t\t\t\t\t\tGaleria system\u00f3w bram automatycznych\t\t\t\t\t\t<\/a>\n\t\t\t\t\t<\/div>\n\t\t\t\t\n\t\t\t\t\n\t\t\t<\/div>\n\t\t\t\n\t\t<\/div>\n\t\t\t\t\t\t<\/div>\n\t\t\t\t<div class=\"elementor-element elementor-element-64dca136 elementor-position-right elementor-mobile-position-right elementor-view-default elementor-widget elementor-widget-icon-box\" data-id=\"64dca136\" data-element_type=\"widget\" data-widget_type=\"icon-box.default\">\n\t\t\t\t\t\t\t<div class=\"elementor-icon-box-wrapper\">\n\n\t\t\t\t\t\t<div class=\"elementor-icon-box-icon\">\n\t\t\t\t<a href=\"https:\/\/dbmetal.de\/pl\/galeria\/galeria-ogrodzen-wpc\/\" class=\"elementor-icon\" tabindex=\"-1\" aria-label=\"Galeria ogrodze\u0144 WPC\">\n\t\t\t\t<i aria-hidden=\"true\" class=\"mdi mdi-chevron-double-right\"><\/i>\t\t\t\t<\/a>\n\t\t\t<\/div>\n\t\t\t\n\t\t\t\t\t\t<div class=\"elementor-icon-box-content\">\n\n\t\t\t\t\t\t\t\t\t<div class=\"elementor-icon-box-title\">\n\t\t\t\t\t\t<a href=\"https:\/\/dbmetal.de\/pl\/galeria\/galeria-ogrodzen-wpc\/\" >\n\t\t\t\t\t\t\tGaleria ogrodze\u0144 WPC\t\t\t\t\t\t<\/a>\n\t\t\t\t\t<\/div>\n\t\t\t\t\n\t\t\t\t\n\t\t\t<\/div>\n\t\t\t\n\t\t<\/div>\n\t\t\t\t\t\t<\/div>\n\t\t\t\t<div class=\"elementor-element elementor-element-1ea9b283 elementor-position-right elementor-mobile-position-right elementor-view-default elementor-widget elementor-widget-icon-box\" data-id=\"1ea9b283\" data-element_type=\"widget\" data-widget_type=\"icon-box.default\">\n\t\t\t\t\t\t\t<div class=\"elementor-icon-box-wrapper\">\n\n\t\t\t\t\t\t<div class=\"elementor-icon-box-icon\">\n\t\t\t\t<a href=\"https:\/\/dbmetal.de\/pl\/galeria\/galeria-ogrodzen-gabionowych\/\" class=\"elementor-icon\" tabindex=\"-1\" aria-label=\"Galeria ogrodze\u0144 gabionowych\">\n\t\t\t\t<i aria-hidden=\"true\" class=\"mdi mdi-chevron-double-right\"><\/i>\t\t\t\t<\/a>\n\t\t\t<\/div>\n\t\t\t\n\t\t\t\t\t\t<div class=\"elementor-icon-box-content\">\n\n\t\t\t\t\t\t\t\t\t<div class=\"elementor-icon-box-title\">\n\t\t\t\t\t\t<a href=\"https:\/\/dbmetal.de\/pl\/galeria\/galeria-ogrodzen-gabionowych\/\" >\n\t\t\t\t\t\t\tGaleria ogrodze\u0144 gabionowych\t\t\t\t\t\t<\/a>\n\t\t\t\t\t<\/div>\n\t\t\t\t\n\t\t\t\t\n\t\t\t<\/div>\n\t\t\t\n\t\t<\/div>\n\t\t\t\t\t\t<\/div>\n\t\t\t\t<div class=\"elementor-element elementor-element-bb5c4a7 elementor-position-right elementor-mobile-position-right elementor-view-default elementor-widget elementor-widget-icon-box\" data-id=\"bb5c4a7\" data-element_type=\"widget\" data-widget_type=\"icon-box.default\">\n\t\t\t\t\t\t\t<div class=\"elementor-icon-box-wrapper\">\n\n\t\t\t\t\t\t<div class=\"elementor-icon-box-icon\">\n\t\t\t\t<a href=\"https:\/\/dbmetal.de\/pl\/galeria\/galeria-balustrad-balkonowych-i-schodowych\/\" class=\"elementor-icon\" tabindex=\"-1\" aria-label=\"Galeria balustrad balkonowych i schodowych\">\n\t\t\t\t<i aria-hidden=\"true\" class=\"mdi mdi-chevron-double-right\"><\/i>\t\t\t\t<\/a>\n\t\t\t<\/div>\n\t\t\t\n\t\t\t\t\t\t<div class=\"elementor-icon-box-content\">\n\n\t\t\t\t\t\t\t\t\t<div class=\"elementor-icon-box-title\">\n\t\t\t\t\t\t<a href=\"https:\/\/dbmetal.de\/pl\/galeria\/galeria-balustrad-balkonowych-i-schodowych\/\" >\n\t\t\t\t\t\t\tGaleria balustrad balkonowych i schodowych\t\t\t\t\t\t<\/a>\n\t\t\t\t\t<\/div>\n\t\t\t\t\n\t\t\t\t\n\t\t\t<\/div>\n\t\t\t\n\t\t<\/div>\n\t\t\t\t\t\t<\/div>\n\t\t\t\t<\/div>\n\t\t\t\t<\/div>\n\t\t\t\t\t<\/div>\n\t\t\t\t<\/div>\n\t\t<div class=\"elementor-element elementor-element-52b581cc e-flex e-con-boxed e-con e-parent\" data-id=\"52b581cc\" data-element_type=\"container\" data-settings=\"{&quot;background_background&quot;:&quot;classic&quot;}\">\n\t\t\t\t\t<div class=\"e-con-inner\">\n\t\t<div class=\"elementor-element elementor-element-307c678f e-flex e-con-boxed e-con e-child\" data-id=\"307c678f\" data-element_type=\"container\">\n\t\t\t\t\t<div class=\"e-con-inner\">\n\t\t\t\t<div class=\"elementor-element elementor-element-561b2779 elementor-widget__width-initial elementor-widget-tablet__width-inherit elementor-invisible elementor-widget elementor-widget-heading\" data-id=\"561b2779\" data-element_type=\"widget\" data-settings=\"{&quot;_animation&quot;:&quot;fadeInUp&quot;}\" data-widget_type=\"heading.default\">\n\t\t\t\t\t<h2 class=\"elementor-heading-title elementor-size-default\">Galeria wynik\u00f3w naszej pracy<\/h2>\t\t\t\t<\/div>\n\t\t\t\t\t<\/div>\n\t\t\t\t<\/div>\n\t\t<div class=\"elementor-element elementor-element-40e3e090 e-flex e-con-boxed e-con e-child\" data-id=\"40e3e090\" data-element_type=\"container\">\n\t\t\t\t\t<div class=\"e-con-inner\">\n\t\t<div class=\"elementor-element elementor-element-7f6dd1a e-con-full e-flex elementor-invisible e-con e-child\" data-id=\"7f6dd1a\" data-element_type=\"container\" data-settings=\"{&quot;background_background&quot;:&quot;classic&quot;,&quot;animation&quot;:&quot;fadeInUp&quot;}\">\n\t\t\t\t<div class=\"elementor-element elementor-element-34a896eb elementor-widget elementor-widget-shortcode\" data-id=\"34a896eb\" data-element_type=\"widget\" data-widget_type=\"shortcode.default\">\n\t\t\t\t\t\t\t<div class=\"elementor-shortcode\">ngg_shortcode_0_placeholder<\/div>\n\t\t\t\t\t\t<\/div>\n\t\t\t\t<\/div>\n\t\t\t\t\t<\/div>\n\t\t\t\t<\/div>\n\t\t\t\t\t<\/div>\n\t\t\t\t<\/div>\n\t\t<div class=\"elementor-element elementor-element-73d28385 e-flex e-con-boxed e-con e-parent\" data-id=\"73d28385\" data-element_type=\"container\" data-settings=\"{&quot;background_background&quot;:&quot;classic&quot;}\">\n\t\t\t\t\t<div class=\"e-con-inner\">\n\t\t<div class=\"elementor-element elementor-element-1447260b e-con-full e-flex elementor-invisible e-con e-child\" data-id=\"1447260b\" data-element_type=\"container\" data-settings=\"{&quot;animation&quot;:&quot;bounceInLeft&quot;}\">\n\t\t\t\t<div class=\"elementor-element elementor-element-23e60adf elementor-widget elementor-widget-heading\" data-id=\"23e60adf\" data-element_type=\"widget\" data-widget_type=\"heading.default\">\n\t\t\t\t\t<h2 class=\"elementor-heading-title elementor-size-default\">Pozw\u00f3l nam zaprojektowa\u0107 Twoje ogrodzenie!<\/h2>\t\t\t\t<\/div>\n\t\t\t\t<div class=\"elementor-element elementor-element-5d24073b elementor-widget elementor-widget-text-editor\" data-id=\"5d24073b\" data-element_type=\"widget\" data-widget_type=\"text-editor.default\">\n\t\t\t\t\t\t\t\t\t<p>Masz wizj\u0119 swojego idealnego ogrodzenia? Zrealizujmy j\u0105 razem! Skorzystaj z naszego konfiguratora ogrodze\u0144, aby dostosowa\u0107 ogrodzenie do swojego stylu i wymaga\u0144.<\/p>\t\t\t\t\t\t\t\t<\/div>\n\t\t\t\t<div class=\"elementor-element elementor-element-3751c538 elementor-mobile-align-justify elementor-widget__width-auto elementor-widget-mobile__width-inherit elementor-invisible elementor-widget elementor-widget-button\" data-id=\"3751c538\" data-element_type=\"widget\" data-settings=\"{&quot;_animation&quot;:&quot;fadeIn&quot;,&quot;_animation_delay&quot;:1080}\" data-widget_type=\"button.default\">\n\t\t\t\t\t\t\t\t\t\t<a class=\"elementor-button elementor-button-link elementor-size-md\" href=\"https:\/\/dbmetal.de\/pl\/zapytanie-ofertowe\/\">\n\t\t\t\t\t\t<span class=\"elementor-button-content-wrapper\">\n\t\t\t\t\t\t\t\t\t<span class=\"elementor-button-text\">Skonfiguruj teraz<\/span>\n\t\t\t\t\t<\/span>\n\t\t\t\t\t<\/a>\n\t\t\t\t\t\t\t\t<\/div>\n\t\t\t\t<\/div>\n\t\t\t\t\t<\/div>\n\t\t\t\t<\/div>\n\t\t\t\t<\/div>","protected":false},"excerpt":{"rendered":"<p>Doppelstabmatten Galerie Wo polnische Qualit\u00e4t auf deutsche Pr\u00e4zision trifft. Home Inspirationen und Projekte Willkommen in unserer Galerie einzigartiger Doppelstabmattenz\u00e4une, die Funktionalit\u00e4t, Sicherheit und \u00e4sthetisches Design vereinen. Entdecken Sie, wie die Vielfalt der Formen und Oberfl\u00e4chenbehandlungen jedem Grundst\u00fcck einen individuellen Charakter verleihen kann. Entdecken Sie, wie unsere Projekte deutschen Geschmack und polnische Liebe zum Detail widerspiegeln. [&hellip;]<\/p>","protected":false},"author":1,"featured_media":0,"parent":146,"menu_order":0,"comment_status":"closed","ping_status":"closed","template":"elementor_header_footer","meta":{"_seopress_robots_primary_cat":"","_seopress_titles_title":"Galerie der Doppelstabmattenz\u00e4une | Stil & Sicherheit | Dragon Ball Metal","_seopress_titles_desc":"Entdecken Sie unsere Galerie der Doppelstabmattenz\u00e4une, die Funktionalit\u00e4t und Sicherheit mit \u00e4sthetischem Design verbinden. Ideal f\u00fcr jeden Geschmack und jedes Grundst\u00fcck.","_seopress_robots_index":"","ngg_post_thumbnail":0,"footnotes":""},"class_list":["post-1576","page","type-page","status-publish"],"_links":{"self":[{"href":"https:\/\/dbmetal.de\/pl\/wp-json\/wp\/v2\/pages\/1576","targetHints":{"allow":["GET"]}}],"collection":[{"href":"https:\/\/dbmetal.de\/pl\/wp-json\/wp\/v2\/pages"}],"about":[{"href":"https:\/\/dbmetal.de\/pl\/wp-json\/wp\/v2\/types\/page"}],"author":[{"embeddable":true,"href":"https:\/\/dbmetal.de\/pl\/wp-json\/wp\/v2\/users\/1"}],"replies":[{"embeddable":true,"href":"https:\/\/dbmetal.de\/pl\/wp-json\/wp\/v2\/comments?post=1576"}],"version-history":[{"count":48,"href":"https:\/\/dbmetal.de\/pl\/wp-json\/wp\/v2\/pages\/1576\/revisions"}],"predecessor-version":[{"id":6557,"href":"https:\/\/dbmetal.de\/pl\/wp-json\/wp\/v2\/pages\/1576\/revisions\/6557"}],"up":[{"embeddable":true,"href":"https:\/\/dbmetal.de\/pl\/wp-json\/wp\/v2\/pages\/146"}],"wp:attachment":[{"href":"https:\/\/dbmetal.de\/pl\/wp-json\/wp\/v2\/media?parent=1576"}],"curies":[{"name":"wp","href":"https:\/\/api.w.org\/{rel}","templated":true}]}}