{"id":1580,"date":"2024-04-11T09:54:02","date_gmt":"2024-04-11T07:54:02","guid":{"rendered":"https:\/\/dbmetal.de\/?page_id=1580"},"modified":"2024-06-25T09:45:01","modified_gmt":"2024-06-25T07:45:01","slug":"galeria-systemow-bram-automatycznych","status":"publish","type":"page","link":"https:\/\/dbmetal.de\/pl\/galeria\/galeria-systemow-bram-automatycznych\/","title":{"rendered":"Galeria system\u00f3w bram automatycznych"},"content":{"rendered":"<div data-elementor-type=\"wp-page\" data-elementor-id=\"1580\" class=\"elementor elementor-1580\" data-elementor-post-type=\"page\">\n\t\t\t\t<div class=\"elementor-element elementor-element-19f78e25 e-flex e-con-boxed e-con e-parent\" data-id=\"19f78e25\" data-element_type=\"container\" data-settings=\"{&quot;background_background&quot;:&quot;classic&quot;,&quot;background_motion_fx_motion_fx_scrolling&quot;:&quot;yes&quot;,&quot;background_motion_fx_translateY_effect&quot;:&quot;yes&quot;,&quot;background_motion_fx_translateY_direction&quot;:&quot;negative&quot;,&quot;background_motion_fx_translateY_speed&quot;:{&quot;unit&quot;:&quot;px&quot;,&quot;size&quot;:4,&quot;sizes&quot;:[]},&quot;background_motion_fx_translateY_affectedRange&quot;:{&quot;unit&quot;:&quot;%&quot;,&quot;size&quot;:&quot;&quot;,&quot;sizes&quot;:{&quot;start&quot;:0,&quot;end&quot;:100}},&quot;background_motion_fx_devices&quot;:[&quot;widescreen&quot;,&quot;desktop&quot;,&quot;laptop&quot;,&quot;tablet_extra&quot;,&quot;tablet&quot;,&quot;mobile_extra&quot;,&quot;mobile&quot;]}\">\n\t\t\t\t\t<div class=\"e-con-inner\">\n\t\t<div class=\"elementor-element elementor-element-7cbc87f8 e-con-full e-flex e-con e-child\" data-id=\"7cbc87f8\" data-element_type=\"container\">\n\t\t\t\t<div class=\"elementor-element elementor-element-c4ad6e7 elementor-invisible elementor-widget elementor-widget-heading\" data-id=\"c4ad6e7\" data-element_type=\"widget\" data-settings=\"{&quot;_animation&quot;:&quot;fadeInDown&quot;}\" data-widget_type=\"heading.default\">\n\t\t\t\t\t<h1 class=\"elementor-heading-title elementor-size-default\">Galeria system\u00f3w bram automatycznych<\/h1>\t\t\t\t<\/div>\n\t\t\t\t<div class=\"elementor-element elementor-element-7980d5ac elementor-invisible elementor-widget elementor-widget-text-editor\" data-id=\"7980d5ac\" data-element_type=\"widget\" data-settings=\"{&quot;_animation&quot;:&quot;fadeIn&quot;,&quot;_animation_delay&quot;:480}\" data-widget_type=\"text-editor.default\">\n\t\t\t\t\t\t\t\t\t<p>Technologia i styl w harmonii z Twoim domem.<\/p>\t\t\t\t\t\t\t\t<\/div>\n\t\t\t\t<\/div>\n\t\t\t\t\t<\/div>\n\t\t\t\t<\/div>\n\t\t<div class=\"elementor-element elementor-element-6ebbb3a4 e-flex e-con-boxed e-con e-parent\" data-id=\"6ebbb3a4\" data-element_type=\"container\" data-settings=\"{&quot;background_background&quot;:&quot;classic&quot;}\">\n\t\t\t\t\t<div class=\"e-con-inner\">\n\t\t<div class=\"elementor-element elementor-element-2ee07a08 e-con-full e-flex e-con e-child\" data-id=\"2ee07a08\" data-element_type=\"container\">\n\t\t\t\t<div class=\"elementor-element elementor-element-ab63867 elementor-widget elementor-widget-sp-breadcrumbs\" data-id=\"ab63867\" data-element_type=\"widget\" data-widget_type=\"sp-breadcrumbs.default\">\n\t\t\t\t<div class=\"elementor-widget-container\">\n\t\t\t\t\t<nav  aria-label=\"okruszki\"><ol class=\"breadcrumb\" itemscope itemtype=\"https:\/\/schema.org\/BreadcrumbList\"><li class=\"breadcrumb-item active\" aria-current=\"page\" itemprop=\"itemListElement\" itemscope itemtype=\"https:\/\/schema.org\/ListItem\"><span itemprop=\"name\">Home<\/span><meta itemprop=\"position\" content=\"1\"><\/li><\/ol><\/nav>\t\t\t\t<\/div>\n\t\t\t\t<\/div>\n\t\t\t\t<\/div>\n\t\t\t\t\t<\/div>\n\t\t\t\t<\/div>\n\t\t<div class=\"elementor-element elementor-element-6651deaa e-flex e-con-boxed e-con e-parent\" data-id=\"6651deaa\" data-element_type=\"container\">\n\t\t\t\t\t<div class=\"e-con-inner\">\n\t\t<div class=\"elementor-element elementor-element-17d396b1 e-con-full e-flex e-con e-child\" data-id=\"17d396b1\" data-element_type=\"container\">\n\t\t\t\t<div class=\"elementor-element elementor-element-202ca9a4 elementor-widget elementor-widget-heading\" data-id=\"202ca9a4\" data-element_type=\"widget\" data-widget_type=\"heading.default\">\n\t\t\t\t\t<h2 class=\"elementor-heading-title elementor-size-default\">Inspiracja dla automatyzacji bram<\/h2>\t\t\t\t<\/div>\n\t\t\t\t<div class=\"elementor-element elementor-element-1058aafb elementor-widget elementor-widget-text-editor\" data-id=\"1058aafb\" data-element_type=\"widget\" data-widget_type=\"text-editor.default\">\n\t\t\t\t\t\t\t\t\t<p>Odwied\u017a nasz\u0105 galeri\u0119 system\u00f3w drzwi automatycznych - miejsce spotka\u0144 innowacji, funkcjonalno\u015bci i estetyki. Odkryj, jak r\u00f3\u017cne projekty zosta\u0142y zrealizowane dzi\u0119ki naszym niestandardowym systemom wiod\u0105cych producent\u00f3w, takich jak Nice, METALPLAST, BFT i Filius. Ka\u017cdy projekt odzwierciedla nasze zaanga\u017cowanie w dostarczanie rozwi\u0105za\u0144, kt\u00f3re zwi\u0119kszaj\u0105 komfort i bezpiecze\u0144stwo.<\/p><p>Zapoznaj si\u0119 z naszymi zrealizowanymi projektami i zobacz, jak wysoka jako\u015b\u0107 wykonania i \u0142atwo\u015b\u0107 obs\u0142ugi wkomponowuj\u0105 si\u0119 w eleganck\u0105 architektur\u0119 dom\u00f3w naszych klient\u00f3w. Odkryj oferowane przez nas mo\u017cliwo\u015bci i zainspiruj si\u0119 do stworzenia przestrzeni, w kt\u00f3rej nowoczesne technologie \u0142\u0105cz\u0105 komfort i styl. Dragon Ball Metal to us\u0142ugi najwy\u017cszej jako\u015bci, kt\u00f3re spe\u0142ni\u0105 Twoje oczekiwania.<\/p>\t\t\t\t\t\t\t\t<\/div>\n\t\t\t\t<\/div>\n\t\t<div class=\"elementor-element elementor-element-1e5b8b4e e-con-full e-flex e-con e-child\" data-id=\"1e5b8b4e\" data-element_type=\"container\">\n\t\t<div class=\"elementor-element elementor-element-7aaa726b e-con-full e-flex elementor-invisible e-con e-child\" data-id=\"7aaa726b\" data-element_type=\"container\" data-settings=\"{&quot;background_background&quot;:&quot;classic&quot;,&quot;animation&quot;:&quot;fadeInUp&quot;}\">\n\t\t\t\t<div class=\"elementor-element elementor-element-12d1baa2 elementor-widget elementor-widget-heading\" data-id=\"12d1baa2\" data-element_type=\"widget\" data-widget_type=\"heading.default\">\n\t\t\t\t\t<h3 class=\"elementor-heading-title elementor-size-default\">Inne projekty<\/h3>\t\t\t\t<\/div>\n\t\t\t\t<div class=\"elementor-element elementor-element-314891e0 elementor-widget-divider--view-line elementor-widget elementor-widget-divider\" data-id=\"314891e0\" data-element_type=\"widget\" data-widget_type=\"divider.default\">\n\t\t\t\t\t\t\t<div class=\"elementor-divider\">\n\t\t\t<span class=\"elementor-divider-separator\">\n\t\t\t\t\t\t<\/span>\n\t\t<\/div>\n\t\t\t\t\t\t<\/div>\n\t\t\t\t<div class=\"elementor-element elementor-element-ea25281 elementor-position-right elementor-mobile-position-right elementor-view-default elementor-widget elementor-widget-icon-box\" data-id=\"ea25281\" data-element_type=\"widget\" data-widget_type=\"icon-box.default\">\n\t\t\t\t\t\t\t<div class=\"elementor-icon-box-wrapper\">\n\n\t\t\t\t\t\t<div class=\"elementor-icon-box-icon\">\n\t\t\t\t<a href=\"https:\/\/dbmetal.de\/pl\/galeria\/galeria-ogrodzen-metalowych\/\" class=\"elementor-icon\" tabindex=\"-1\" aria-label=\"Galeria ogrodze\u0144 metalowych\">\n\t\t\t\t<i aria-hidden=\"true\" class=\"mdi mdi-chevron-double-right\"><\/i>\t\t\t\t<\/a>\n\t\t\t<\/div>\n\t\t\t\n\t\t\t\t\t\t<div class=\"elementor-icon-box-content\">\n\n\t\t\t\t\t\t\t\t\t<div class=\"elementor-icon-box-title\">\n\t\t\t\t\t\t<a href=\"https:\/\/dbmetal.de\/pl\/galeria\/galeria-ogrodzen-metalowych\/\" >\n\t\t\t\t\t\t\tGaleria ogrodze\u0144 metalowych\t\t\t\t\t\t<\/a>\n\t\t\t\t\t<\/div>\n\t\t\t\t\n\t\t\t\t\n\t\t\t<\/div>\n\t\t\t\n\t\t<\/div>\n\t\t\t\t\t\t<\/div>\n\t\t\t\t<div class=\"elementor-element elementor-element-307fd27c elementor-position-right elementor-mobile-position-right elementor-view-default elementor-widget elementor-widget-icon-box\" data-id=\"307fd27c\" data-element_type=\"widget\" data-widget_type=\"icon-box.default\">\n\t\t\t\t\t\t\t<div class=\"elementor-icon-box-wrapper\">\n\n\t\t\t\t\t\t<div class=\"elementor-icon-box-icon\">\n\t\t\t\t<a href=\"https:\/\/dbmetal.de\/pl\/galeria\/galeria-ogrodzen-nowoczesnych\/\" class=\"elementor-icon\" tabindex=\"-1\" aria-label=\"Galeria ogrodze\u0144 nowoczesnych\">\n\t\t\t\t<i aria-hidden=\"true\" class=\"mdi mdi-chevron-double-right\"><\/i>\t\t\t\t<\/a>\n\t\t\t<\/div>\n\t\t\t\n\t\t\t\t\t\t<div class=\"elementor-icon-box-content\">\n\n\t\t\t\t\t\t\t\t\t<div class=\"elementor-icon-box-title\">\n\t\t\t\t\t\t<a href=\"https:\/\/dbmetal.de\/pl\/galeria\/galeria-ogrodzen-nowoczesnych\/\" >\n\t\t\t\t\t\t\tGaleria ogrodze\u0144 nowoczesnych\t\t\t\t\t\t<\/a>\n\t\t\t\t\t<\/div>\n\t\t\t\t\n\t\t\t\t\n\t\t\t<\/div>\n\t\t\t\n\t\t<\/div>\n\t\t\t\t\t\t<\/div>\n\t\t\t\t<div class=\"elementor-element elementor-element-33f63165 elementor-position-right elementor-mobile-position-right elementor-view-default elementor-widget elementor-widget-icon-box\" data-id=\"33f63165\" data-element_type=\"widget\" data-widget_type=\"icon-box.default\">\n\t\t\t\t\t\t\t<div class=\"elementor-icon-box-wrapper\">\n\n\t\t\t\t\t\t<div class=\"elementor-icon-box-icon\">\n\t\t\t\t<a href=\"https:\/\/dbmetal.de\/pl\/galeria\/galeria-ogrodzen-z-kutego-zelaza\/\" class=\"elementor-icon\" tabindex=\"-1\" aria-label=\"Galeria ogrodze\u0144 z kutego \u017celaza\">\n\t\t\t\t<i aria-hidden=\"true\" class=\"mdi mdi-chevron-double-right\"><\/i>\t\t\t\t<\/a>\n\t\t\t<\/div>\n\t\t\t\n\t\t\t\t\t\t<div class=\"elementor-icon-box-content\">\n\n\t\t\t\t\t\t\t\t\t<div class=\"elementor-icon-box-title\">\n\t\t\t\t\t\t<a href=\"https:\/\/dbmetal.de\/pl\/galeria\/galeria-ogrodzen-z-kutego-zelaza\/\" >\n\t\t\t\t\t\t\tGaleria ogrodze\u0144 z kutego \u017celaza\t\t\t\t\t\t<\/a>\n\t\t\t\t\t<\/div>\n\t\t\t\t\n\t\t\t\t\n\t\t\t<\/div>\n\t\t\t\n\t\t<\/div>\n\t\t\t\t\t\t<\/div>\n\t\t\t\t<div class=\"elementor-element elementor-element-41385337 elementor-position-right elementor-mobile-position-right elementor-view-default elementor-widget elementor-widget-icon-box\" data-id=\"41385337\" data-element_type=\"widget\" data-widget_type=\"icon-box.default\">\n\t\t\t\t\t\t\t<div class=\"elementor-icon-box-wrapper\">\n\n\t\t\t\t\t\t<div class=\"elementor-icon-box-icon\">\n\t\t\t\t<a href=\"https:\/\/dbmetal.de\/pl\/galeria\/galeria-ogrodzen-z-podwojnej-siatki-drucianej\/\" class=\"elementor-icon\" tabindex=\"-1\" aria-label=\"Galeria Ogrodze\u0144 Z Podw\u00f3jnej Siatki Drucianej\">\n\t\t\t\t<i aria-hidden=\"true\" class=\"mdi mdi-chevron-double-right\"><\/i>\t\t\t\t<\/a>\n\t\t\t<\/div>\n\t\t\t\n\t\t\t\t\t\t<div class=\"elementor-icon-box-content\">\n\n\t\t\t\t\t\t\t\t\t<div class=\"elementor-icon-box-title\">\n\t\t\t\t\t\t<a href=\"https:\/\/dbmetal.de\/pl\/galeria\/galeria-ogrodzen-z-podwojnej-siatki-drucianej\/\" >\n\t\t\t\t\t\t\tGaleria Ogrodze\u0144 Z Podw\u00f3jnej Siatki Drucianej\t\t\t\t\t\t<\/a>\n\t\t\t\t\t<\/div>\n\t\t\t\t\n\t\t\t\t\n\t\t\t<\/div>\n\t\t\t\n\t\t<\/div>\n\t\t\t\t\t\t<\/div>\n\t\t\t\t<div class=\"elementor-element elementor-element-5fbe9305 elementor-position-right elementor-mobile-position-right elementor-view-default elementor-widget elementor-widget-icon-box\" data-id=\"5fbe9305\" data-element_type=\"widget\" data-widget_type=\"icon-box.default\">\n\t\t\t\t\t\t\t<div class=\"elementor-icon-box-wrapper\">\n\n\t\t\t\t\t\t<div class=\"elementor-icon-box-icon\">\n\t\t\t\t<a href=\"https:\/\/dbmetal.de\/pl\/galeria\/galeria-bram-i-furtek\/\" class=\"elementor-icon\" tabindex=\"-1\" aria-label=\"Galeria Bram i Furtek\">\n\t\t\t\t<i aria-hidden=\"true\" class=\"mdi mdi-chevron-double-right\"><\/i>\t\t\t\t<\/a>\n\t\t\t<\/div>\n\t\t\t\n\t\t\t\t\t\t<div class=\"elementor-icon-box-content\">\n\n\t\t\t\t\t\t\t\t\t<div class=\"elementor-icon-box-title\">\n\t\t\t\t\t\t<a href=\"https:\/\/dbmetal.de\/pl\/galeria\/galeria-bram-i-furtek\/\" >\n\t\t\t\t\t\t\tGaleria Bram i Furtek\t\t\t\t\t\t<\/a>\n\t\t\t\t\t<\/div>\n\t\t\t\t\n\t\t\t\t\n\t\t\t<\/div>\n\t\t\t\n\t\t<\/div>\n\t\t\t\t\t\t<\/div>\n\t\t\t\t<div class=\"elementor-element elementor-element-62db564e elementor-position-right elementor-mobile-position-right elementor-view-default elementor-widget elementor-widget-icon-box\" data-id=\"62db564e\" data-element_type=\"widget\" data-widget_type=\"icon-box.default\">\n\t\t\t\t\t\t\t<div class=\"elementor-icon-box-wrapper\">\n\n\t\t\t\t\t\t<div class=\"elementor-icon-box-icon\">\n\t\t\t\t<a href=\"https:\/\/dbmetal.de\/pl\/galeria\/galeria-systemow-bram-automatycznych\/\" class=\"elementor-icon\" tabindex=\"-1\" aria-label=\"Galeria system\u00f3w bram automatycznych\">\n\t\t\t\t<i aria-hidden=\"true\" class=\"mdi mdi-chevron-double-right\"><\/i>\t\t\t\t<\/a>\n\t\t\t<\/div>\n\t\t\t\n\t\t\t\t\t\t<div class=\"elementor-icon-box-content\">\n\n\t\t\t\t\t\t\t\t\t<div class=\"elementor-icon-box-title\">\n\t\t\t\t\t\t<a href=\"https:\/\/dbmetal.de\/pl\/galeria\/galeria-systemow-bram-automatycznych\/\" >\n\t\t\t\t\t\t\tGaleria system\u00f3w bram automatycznych\t\t\t\t\t\t<\/a>\n\t\t\t\t\t<\/div>\n\t\t\t\t\n\t\t\t\t\n\t\t\t<\/div>\n\t\t\t\n\t\t<\/div>\n\t\t\t\t\t\t<\/div>\n\t\t\t\t<div class=\"elementor-element elementor-element-61f2459 elementor-position-right elementor-mobile-position-right elementor-view-default elementor-widget elementor-widget-icon-box\" data-id=\"61f2459\" data-element_type=\"widget\" data-widget_type=\"icon-box.default\">\n\t\t\t\t\t\t\t<div class=\"elementor-icon-box-wrapper\">\n\n\t\t\t\t\t\t<div class=\"elementor-icon-box-icon\">\n\t\t\t\t<a href=\"https:\/\/dbmetal.de\/pl\/galeria\/galeria-ogrodzen-wpc\/\" class=\"elementor-icon\" tabindex=\"-1\" aria-label=\"Galeria ogrodze\u0144 WPC\">\n\t\t\t\t<i aria-hidden=\"true\" class=\"mdi mdi-chevron-double-right\"><\/i>\t\t\t\t<\/a>\n\t\t\t<\/div>\n\t\t\t\n\t\t\t\t\t\t<div class=\"elementor-icon-box-content\">\n\n\t\t\t\t\t\t\t\t\t<div class=\"elementor-icon-box-title\">\n\t\t\t\t\t\t<a href=\"https:\/\/dbmetal.de\/pl\/galeria\/galeria-ogrodzen-wpc\/\" >\n\t\t\t\t\t\t\tGaleria ogrodze\u0144 WPC\t\t\t\t\t\t<\/a>\n\t\t\t\t\t<\/div>\n\t\t\t\t\n\t\t\t\t\n\t\t\t<\/div>\n\t\t\t\n\t\t<\/div>\n\t\t\t\t\t\t<\/div>\n\t\t\t\t<div class=\"elementor-element elementor-element-6dbb0cc7 elementor-position-right elementor-mobile-position-right elementor-view-default elementor-widget elementor-widget-icon-box\" data-id=\"6dbb0cc7\" data-element_type=\"widget\" data-widget_type=\"icon-box.default\">\n\t\t\t\t\t\t\t<div class=\"elementor-icon-box-wrapper\">\n\n\t\t\t\t\t\t<div class=\"elementor-icon-box-icon\">\n\t\t\t\t<a href=\"https:\/\/dbmetal.de\/pl\/galeria\/galeria-ogrodzen-gabionowych\/\" class=\"elementor-icon\" tabindex=\"-1\" aria-label=\"Galeria ogrodze\u0144 gabionowych\">\n\t\t\t\t<i aria-hidden=\"true\" class=\"mdi mdi-chevron-double-right\"><\/i>\t\t\t\t<\/a>\n\t\t\t<\/div>\n\t\t\t\n\t\t\t\t\t\t<div class=\"elementor-icon-box-content\">\n\n\t\t\t\t\t\t\t\t\t<div class=\"elementor-icon-box-title\">\n\t\t\t\t\t\t<a href=\"https:\/\/dbmetal.de\/pl\/galeria\/galeria-ogrodzen-gabionowych\/\" >\n\t\t\t\t\t\t\tGaleria ogrodze\u0144 gabionowych\t\t\t\t\t\t<\/a>\n\t\t\t\t\t<\/div>\n\t\t\t\t\n\t\t\t\t\n\t\t\t<\/div>\n\t\t\t\n\t\t<\/div>\n\t\t\t\t\t\t<\/div>\n\t\t\t\t<div class=\"elementor-element elementor-element-5e32a70 elementor-position-right elementor-mobile-position-right elementor-view-default elementor-widget elementor-widget-icon-box\" data-id=\"5e32a70\" data-element_type=\"widget\" data-widget_type=\"icon-box.default\">\n\t\t\t\t\t\t\t<div class=\"elementor-icon-box-wrapper\">\n\n\t\t\t\t\t\t<div class=\"elementor-icon-box-icon\">\n\t\t\t\t<a href=\"https:\/\/dbmetal.de\/pl\/galeria\/galeria-balustrad-balkonowych-i-schodowych\/\" class=\"elementor-icon\" tabindex=\"-1\" aria-label=\"Galeria balustrad balkonowych i schodowych\">\n\t\t\t\t<i aria-hidden=\"true\" class=\"mdi mdi-chevron-double-right\"><\/i>\t\t\t\t<\/a>\n\t\t\t<\/div>\n\t\t\t\n\t\t\t\t\t\t<div class=\"elementor-icon-box-content\">\n\n\t\t\t\t\t\t\t\t\t<div class=\"elementor-icon-box-title\">\n\t\t\t\t\t\t<a href=\"https:\/\/dbmetal.de\/pl\/galeria\/galeria-balustrad-balkonowych-i-schodowych\/\" >\n\t\t\t\t\t\t\tGaleria balustrad balkonowych i schodowych\t\t\t\t\t\t<\/a>\n\t\t\t\t\t<\/div>\n\t\t\t\t\n\t\t\t\t\n\t\t\t<\/div>\n\t\t\t\n\t\t<\/div>\n\t\t\t\t\t\t<\/div>\n\t\t\t\t<\/div>\n\t\t\t\t<\/div>\n\t\t\t\t\t<\/div>\n\t\t\t\t<\/div>\n\t\t<div class=\"elementor-element elementor-element-790c1bea e-flex e-con-boxed e-con e-parent\" data-id=\"790c1bea\" data-element_type=\"container\" data-settings=\"{&quot;background_background&quot;:&quot;classic&quot;}\">\n\t\t\t\t\t<div class=\"e-con-inner\">\n\t\t<div class=\"elementor-element elementor-element-712d5d79 e-flex e-con-boxed e-con e-child\" data-id=\"712d5d79\" data-element_type=\"container\">\n\t\t\t\t\t<div class=\"e-con-inner\">\n\t\t\t\t<div class=\"elementor-element elementor-element-442c40e9 elementor-widget__width-initial elementor-widget-tablet__width-inherit elementor-invisible elementor-widget elementor-widget-heading\" data-id=\"442c40e9\" data-element_type=\"widget\" data-settings=\"{&quot;_animation&quot;:&quot;fadeInUp&quot;}\" data-widget_type=\"heading.default\">\n\t\t\t\t\t<h2 class=\"elementor-heading-title elementor-size-default\">Galeria wynik\u00f3w naszej pracy<\/h2>\t\t\t\t<\/div>\n\t\t\t\t\t<\/div>\n\t\t\t\t<\/div>\n\t\t<div class=\"elementor-element elementor-element-6dbe9dc0 e-flex e-con-boxed e-con e-child\" data-id=\"6dbe9dc0\" data-element_type=\"container\">\n\t\t\t\t\t<div class=\"e-con-inner\">\n\t\t<div class=\"elementor-element elementor-element-249eed4a e-con-full e-flex elementor-invisible e-con e-child\" data-id=\"249eed4a\" data-element_type=\"container\" data-settings=\"{&quot;background_background&quot;:&quot;classic&quot;,&quot;animation&quot;:&quot;fadeInUp&quot;}\">\n\t\t\t\t<div class=\"elementor-element elementor-element-146ea3ae elementor-widget elementor-widget-shortcode\" data-id=\"146ea3ae\" data-element_type=\"widget\" data-widget_type=\"shortcode.default\">\n\t\t\t\t\t\t\t<div class=\"elementor-shortcode\">ngg_shortcode_0_placeholder<\/div>\n\t\t\t\t\t\t<\/div>\n\t\t\t\t<\/div>\n\t\t\t\t\t<\/div>\n\t\t\t\t<\/div>\n\t\t\t\t\t<\/div>\n\t\t\t\t<\/div>\n\t\t<div class=\"elementor-element elementor-element-217d6e77 e-flex e-con-boxed e-con e-parent\" data-id=\"217d6e77\" data-element_type=\"container\" data-settings=\"{&quot;background_background&quot;:&quot;classic&quot;}\">\n\t\t\t\t\t<div class=\"e-con-inner\">\n\t\t<div class=\"elementor-element elementor-element-5ce090a7 e-con-full e-flex elementor-invisible e-con e-child\" data-id=\"5ce090a7\" data-element_type=\"container\" data-settings=\"{&quot;animation&quot;:&quot;bounceInLeft&quot;}\">\n\t\t\t\t<div class=\"elementor-element elementor-element-1623d290 elementor-widget elementor-widget-heading\" data-id=\"1623d290\" data-element_type=\"widget\" data-widget_type=\"heading.default\">\n\t\t\t\t\t<h2 class=\"elementor-heading-title elementor-size-default\">Zaprojektuj swoje idealne ogrodzenie - zacznij ju\u017c teraz!<\/h2>\t\t\t\t<\/div>\n\t\t\t\t<div class=\"elementor-element elementor-element-15fccad0 elementor-widget elementor-widget-text-editor\" data-id=\"15fccad0\" data-element_type=\"widget\" data-widget_type=\"text-editor.default\">\n\t\t\t\t\t\t\t\t\t<p>Marzysz o ogrodzeniu, kt\u00f3re \u0142\u0105czy w sobie styl, bezpiecze\u0144stwo i nowoczesn\u0105 technologi\u0119? Wypr\u00f3buj nasz konfigurator i zaprojektuj rozwi\u0105zanie dopasowane do Twoich potrzeb.<\/p>\t\t\t\t\t\t\t\t<\/div>\n\t\t\t\t<div class=\"elementor-element elementor-element-7f764960 elementor-mobile-align-justify elementor-widget__width-auto elementor-widget-mobile__width-inherit elementor-invisible elementor-widget elementor-widget-button\" data-id=\"7f764960\" data-element_type=\"widget\" data-settings=\"{&quot;_animation&quot;:&quot;fadeIn&quot;,&quot;_animation_delay&quot;:1080}\" data-widget_type=\"button.default\">\n\t\t\t\t\t\t\t\t\t\t<a class=\"elementor-button elementor-button-link elementor-size-md\" href=\"https:\/\/dbmetal.de\/pl\/zapytanie-ofertowe\/\">\n\t\t\t\t\t\t<span class=\"elementor-button-content-wrapper\">\n\t\t\t\t\t\t\t\t\t<span class=\"elementor-button-text\">Skonfiguruj teraz<\/span>\n\t\t\t\t\t<\/span>\n\t\t\t\t\t<\/a>\n\t\t\t\t\t\t\t\t<\/div>\n\t\t\t\t<\/div>\n\t\t\t\t\t<\/div>\n\t\t\t\t<\/div>\n\t\t\t\t<\/div>","protected":false},"excerpt":{"rendered":"<p>Automatikt\u00fcrsysteme Galerie Technik und Stil im Einklang mit Ihrem Zuhause. Home Inspirationen f\u00fcr die Automatisierung von Toren Besuchen Sie unsere Galerie mit automatischen T\u00fcranlagen &#8211; ein Treffpunkt f\u00fcr Innovation, Funktionalit\u00e4t und \u00c4sthetik. Entdecken Sie, wie verschiedene Projekte mit unseren ma\u00dfgeschneiderten Systemen von f\u00fchrenden Herstellern wie Nice, METALPLAST, BFT und Filius zum Leben erweckt wurden. Jedes [&hellip;]<\/p>","protected":false},"author":1,"featured_media":0,"parent":146,"menu_order":0,"comment_status":"closed","ping_status":"closed","template":"elementor_header_footer","meta":{"_seopress_robots_primary_cat":"","_seopress_titles_title":"Galerie Automatischer T\u00fcrsysteme | Technologie & Design | Dragon Ball Metal","_seopress_titles_desc":"Entdecken Sie in unserer Galerie automatische T\u00fcrsysteme, die Innovation mit Funktionalit\u00e4t und \u00e4sthetischem Design verbinden. Perfekte L\u00f6sungen f\u00fcr Ihr Zuhause.","_seopress_robots_index":"","ngg_post_thumbnail":0,"footnotes":""},"class_list":["post-1580","page","type-page","status-publish"],"_links":{"self":[{"href":"https:\/\/dbmetal.de\/pl\/wp-json\/wp\/v2\/pages\/1580","targetHints":{"allow":["GET"]}}],"collection":[{"href":"https:\/\/dbmetal.de\/pl\/wp-json\/wp\/v2\/pages"}],"about":[{"href":"https:\/\/dbmetal.de\/pl\/wp-json\/wp\/v2\/types\/page"}],"author":[{"embeddable":true,"href":"https:\/\/dbmetal.de\/pl\/wp-json\/wp\/v2\/users\/1"}],"replies":[{"embeddable":true,"href":"https:\/\/dbmetal.de\/pl\/wp-json\/wp\/v2\/comments?post=1580"}],"version-history":[{"count":42,"href":"https:\/\/dbmetal.de\/pl\/wp-json\/wp\/v2\/pages\/1580\/revisions"}],"predecessor-version":[{"id":6563,"href":"https:\/\/dbmetal.de\/pl\/wp-json\/wp\/v2\/pages\/1580\/revisions\/6563"}],"up":[{"embeddable":true,"href":"https:\/\/dbmetal.de\/pl\/wp-json\/wp\/v2\/pages\/146"}],"wp:attachment":[{"href":"https:\/\/dbmetal.de\/pl\/wp-json\/wp\/v2\/media?parent=1580"}],"curies":[{"name":"wp","href":"https:\/\/api.w.org\/{rel}","templated":true}]}}