{"id":1584,"date":"2024-04-11T09:55:34","date_gmt":"2024-04-11T07:55:34","guid":{"rendered":"https:\/\/dbmetal.de\/?page_id=1584"},"modified":"2024-06-25T09:45:52","modified_gmt":"2024-06-25T07:45:52","slug":"galeria-ogrodzen-gabionowych","status":"publish","type":"page","link":"https:\/\/dbmetal.de\/pl\/galeria\/galeria-ogrodzen-gabionowych\/","title":{"rendered":"Galeria ogrodze\u0144 gabionowych"},"content":{"rendered":"<div data-elementor-type=\"wp-page\" data-elementor-id=\"1584\" class=\"elementor elementor-1584\" data-elementor-post-type=\"page\">\n\t\t\t\t<div class=\"elementor-element elementor-element-460f4dca e-flex e-con-boxed e-con e-parent\" data-id=\"460f4dca\" data-element_type=\"container\" data-settings=\"{&quot;background_background&quot;:&quot;classic&quot;,&quot;background_motion_fx_motion_fx_scrolling&quot;:&quot;yes&quot;,&quot;background_motion_fx_translateY_effect&quot;:&quot;yes&quot;,&quot;background_motion_fx_translateY_direction&quot;:&quot;negative&quot;,&quot;background_motion_fx_translateY_speed&quot;:{&quot;unit&quot;:&quot;px&quot;,&quot;size&quot;:4,&quot;sizes&quot;:[]},&quot;background_motion_fx_translateY_affectedRange&quot;:{&quot;unit&quot;:&quot;%&quot;,&quot;size&quot;:&quot;&quot;,&quot;sizes&quot;:{&quot;start&quot;:0,&quot;end&quot;:100}},&quot;background_motion_fx_devices&quot;:[&quot;widescreen&quot;,&quot;desktop&quot;,&quot;laptop&quot;,&quot;tablet_extra&quot;,&quot;tablet&quot;,&quot;mobile_extra&quot;,&quot;mobile&quot;]}\">\n\t\t\t\t\t<div class=\"e-con-inner\">\n\t\t<div class=\"elementor-element elementor-element-18f59450 e-con-full e-flex e-con e-child\" data-id=\"18f59450\" data-element_type=\"container\">\n\t\t\t\t<div class=\"elementor-element elementor-element-444ce152 elementor-invisible elementor-widget elementor-widget-heading\" data-id=\"444ce152\" data-element_type=\"widget\" data-settings=\"{&quot;_animation&quot;:&quot;fadeInDown&quot;}\" data-widget_type=\"heading.default\">\n\t\t\t\t\t<h1 class=\"elementor-heading-title elementor-size-default\">Galeria ogrodze\u0144 gabionowych<\/h1>\t\t\t\t<\/div>\n\t\t\t\t<div class=\"elementor-element elementor-element-40a825b1 elementor-invisible elementor-widget elementor-widget-text-editor\" data-id=\"40a825b1\" data-element_type=\"widget\" data-settings=\"{&quot;_animation&quot;:&quot;fadeIn&quot;,&quot;_animation_delay&quot;:480}\" data-widget_type=\"text-editor.default\">\n\t\t\t\t\t\t\t\t\t<p>Nie idziemy na \u017cadne kompromisy, je\u015bli chodzi o jako\u015b\u0107 naszych materia\u0142\u00f3w.<\/p>\t\t\t\t\t\t\t\t<\/div>\n\t\t\t\t<\/div>\n\t\t\t\t\t<\/div>\n\t\t\t\t<\/div>\n\t\t<div class=\"elementor-element elementor-element-43038f63 e-flex e-con-boxed e-con e-parent\" data-id=\"43038f63\" data-element_type=\"container\" data-settings=\"{&quot;background_background&quot;:&quot;classic&quot;}\">\n\t\t\t\t\t<div class=\"e-con-inner\">\n\t\t<div class=\"elementor-element elementor-element-6bfa8486 e-con-full e-flex e-con e-child\" data-id=\"6bfa8486\" data-element_type=\"container\">\n\t\t\t\t<div class=\"elementor-element elementor-element-2923a22 elementor-widget elementor-widget-sp-breadcrumbs\" data-id=\"2923a22\" data-element_type=\"widget\" data-widget_type=\"sp-breadcrumbs.default\">\n\t\t\t\t<div class=\"elementor-widget-container\">\n\t\t\t\t\t<nav  aria-label=\"okruszki\"><ol class=\"breadcrumb\" itemscope itemtype=\"https:\/\/schema.org\/BreadcrumbList\"><li class=\"breadcrumb-item active\" aria-current=\"page\" itemprop=\"itemListElement\" itemscope itemtype=\"https:\/\/schema.org\/ListItem\"><span itemprop=\"name\">Home<\/span><meta itemprop=\"position\" content=\"1\"><\/li><\/ol><\/nav>\t\t\t\t<\/div>\n\t\t\t\t<\/div>\n\t\t\t\t<\/div>\n\t\t\t\t\t<\/div>\n\t\t\t\t<\/div>\n\t\t<div class=\"elementor-element elementor-element-57191d48 e-flex e-con-boxed e-con e-parent\" data-id=\"57191d48\" data-element_type=\"container\">\n\t\t\t\t\t<div class=\"e-con-inner\">\n\t\t<div class=\"elementor-element elementor-element-5f146c47 e-con-full e-flex e-con e-child\" data-id=\"5f146c47\" data-element_type=\"container\">\n\t\t\t\t<div class=\"elementor-element elementor-element-1a33f1a0 elementor-widget elementor-widget-heading\" data-id=\"1a33f1a0\" data-element_type=\"widget\" data-widget_type=\"heading.default\">\n\t\t\t\t\t<h2 class=\"elementor-heading-title elementor-size-default\">Inspiracja dla gabion\u00f3w<\/h2>\t\t\t\t<\/div>\n\t\t\t\t<div class=\"elementor-element elementor-element-746e9e91 elementor-widget elementor-widget-text-editor\" data-id=\"746e9e91\" data-element_type=\"widget\" data-widget_type=\"text-editor.default\">\n\t\t\t\t\t\t\t\t\t<p>Zapraszamy do odwiedzenia naszej galerii zrealizowanych projekt\u00f3w, kt\u00f3re odzwierciedlaj\u0105 kunszt i estetyk\u0119 projektowania wn\u0119trz. Odkryj niezliczone mo\u017cliwo\u015bci gabion\u00f3w - od klasycznych po nowoczesne aran\u017cacje. Ka\u017cde zdj\u0119cie opowiada histori\u0119 o wyj\u0105tkowej trwa\u0142o\u015bci i pi\u0119knie, kt\u00f3re mo\u017ce r\u00f3wnie\u017c wzbogaci\u0107 Twoje otoczenie.<\/p><p>Niech nasze gabiony zainspiruj\u0105 Ci\u0119 do stworzenia przestrzeni, kt\u00f3ra fascynuje i chroni. Poczuj r\u00f3\u017cnic\u0119, jak\u0105 solidno\u015b\u0107 i precyzja Dragon Ball Metal mo\u017ce zrobi\u0107 w Twoim domu. Przejrzyj nasze projekty i wyobra\u017a sobie ich elegancj\u0119 w swoim ogrodzie. Je\u015bli marzysz o ogrodzeniu, kt\u00f3re \u0142\u0105czy w sobie wytrzyma\u0142o\u015b\u0107 i design, czekamy na wiadomo\u015b\u0107 od Ciebie.<\/p>\t\t\t\t\t\t\t\t<\/div>\n\t\t\t\t<\/div>\n\t\t<div class=\"elementor-element elementor-element-66f0d3c1 e-con-full e-flex e-con e-child\" data-id=\"66f0d3c1\" data-element_type=\"container\">\n\t\t<div class=\"elementor-element elementor-element-4d16f88 e-con-full e-flex elementor-invisible e-con e-child\" data-id=\"4d16f88\" data-element_type=\"container\" data-settings=\"{&quot;background_background&quot;:&quot;classic&quot;,&quot;animation&quot;:&quot;fadeInUp&quot;}\">\n\t\t\t\t<div class=\"elementor-element elementor-element-7d1beb15 elementor-widget elementor-widget-heading\" data-id=\"7d1beb15\" data-element_type=\"widget\" data-widget_type=\"heading.default\">\n\t\t\t\t\t<h3 class=\"elementor-heading-title elementor-size-default\">Inne projekty<\/h3>\t\t\t\t<\/div>\n\t\t\t\t<div class=\"elementor-element elementor-element-63ac9522 elementor-widget-divider--view-line elementor-widget elementor-widget-divider\" data-id=\"63ac9522\" data-element_type=\"widget\" data-widget_type=\"divider.default\">\n\t\t\t\t\t\t\t<div class=\"elementor-divider\">\n\t\t\t<span class=\"elementor-divider-separator\">\n\t\t\t\t\t\t<\/span>\n\t\t<\/div>\n\t\t\t\t\t\t<\/div>\n\t\t\t\t<div class=\"elementor-element elementor-element-1b12c12d elementor-position-right elementor-mobile-position-right elementor-view-default elementor-widget elementor-widget-icon-box\" data-id=\"1b12c12d\" data-element_type=\"widget\" data-widget_type=\"icon-box.default\">\n\t\t\t\t\t\t\t<div class=\"elementor-icon-box-wrapper\">\n\n\t\t\t\t\t\t<div class=\"elementor-icon-box-icon\">\n\t\t\t\t<a href=\"https:\/\/dbmetal.de\/pl\/galeria\/galeria-ogrodzen-metalowych\/\" class=\"elementor-icon\" tabindex=\"-1\" aria-label=\"Galeria ogrodze\u0144 metalowych\">\n\t\t\t\t<i aria-hidden=\"true\" class=\"mdi mdi-chevron-double-right\"><\/i>\t\t\t\t<\/a>\n\t\t\t<\/div>\n\t\t\t\n\t\t\t\t\t\t<div class=\"elementor-icon-box-content\">\n\n\t\t\t\t\t\t\t\t\t<div class=\"elementor-icon-box-title\">\n\t\t\t\t\t\t<a href=\"https:\/\/dbmetal.de\/pl\/galeria\/galeria-ogrodzen-metalowych\/\" >\n\t\t\t\t\t\t\tGaleria ogrodze\u0144 metalowych\t\t\t\t\t\t<\/a>\n\t\t\t\t\t<\/div>\n\t\t\t\t\n\t\t\t\t\n\t\t\t<\/div>\n\t\t\t\n\t\t<\/div>\n\t\t\t\t\t\t<\/div>\n\t\t\t\t<div class=\"elementor-element elementor-element-108293a9 elementor-position-right elementor-mobile-position-right elementor-view-default elementor-widget elementor-widget-icon-box\" data-id=\"108293a9\" data-element_type=\"widget\" data-widget_type=\"icon-box.default\">\n\t\t\t\t\t\t\t<div class=\"elementor-icon-box-wrapper\">\n\n\t\t\t\t\t\t<div class=\"elementor-icon-box-icon\">\n\t\t\t\t<a href=\"https:\/\/dbmetal.de\/pl\/galeria\/galeria-ogrodzen-nowoczesnych\/\" class=\"elementor-icon\" tabindex=\"-1\" aria-label=\"Galeria ogrodze\u0144 nowoczesnych\">\n\t\t\t\t<i aria-hidden=\"true\" class=\"mdi mdi-chevron-double-right\"><\/i>\t\t\t\t<\/a>\n\t\t\t<\/div>\n\t\t\t\n\t\t\t\t\t\t<div class=\"elementor-icon-box-content\">\n\n\t\t\t\t\t\t\t\t\t<div class=\"elementor-icon-box-title\">\n\t\t\t\t\t\t<a href=\"https:\/\/dbmetal.de\/pl\/galeria\/galeria-ogrodzen-nowoczesnych\/\" >\n\t\t\t\t\t\t\tGaleria ogrodze\u0144 nowoczesnych\t\t\t\t\t\t<\/a>\n\t\t\t\t\t<\/div>\n\t\t\t\t\n\t\t\t\t\n\t\t\t<\/div>\n\t\t\t\n\t\t<\/div>\n\t\t\t\t\t\t<\/div>\n\t\t\t\t<div class=\"elementor-element elementor-element-37325b74 elementor-position-right elementor-mobile-position-right elementor-view-default elementor-widget elementor-widget-icon-box\" data-id=\"37325b74\" data-element_type=\"widget\" data-widget_type=\"icon-box.default\">\n\t\t\t\t\t\t\t<div class=\"elementor-icon-box-wrapper\">\n\n\t\t\t\t\t\t<div class=\"elementor-icon-box-icon\">\n\t\t\t\t<a href=\"https:\/\/dbmetal.de\/pl\/galeria\/galeria-ogrodzen-z-kutego-zelaza\/\" class=\"elementor-icon\" tabindex=\"-1\" aria-label=\"Galeria ogrodze\u0144 z kutego \u017celaza\">\n\t\t\t\t<i aria-hidden=\"true\" class=\"mdi mdi-chevron-double-right\"><\/i>\t\t\t\t<\/a>\n\t\t\t<\/div>\n\t\t\t\n\t\t\t\t\t\t<div class=\"elementor-icon-box-content\">\n\n\t\t\t\t\t\t\t\t\t<div class=\"elementor-icon-box-title\">\n\t\t\t\t\t\t<a href=\"https:\/\/dbmetal.de\/pl\/galeria\/galeria-ogrodzen-z-kutego-zelaza\/\" >\n\t\t\t\t\t\t\tGaleria ogrodze\u0144 z kutego \u017celaza\t\t\t\t\t\t<\/a>\n\t\t\t\t\t<\/div>\n\t\t\t\t\n\t\t\t\t\n\t\t\t<\/div>\n\t\t\t\n\t\t<\/div>\n\t\t\t\t\t\t<\/div>\n\t\t\t\t<div class=\"elementor-element elementor-element-1e0d7886 elementor-position-right elementor-mobile-position-right elementor-view-default elementor-widget elementor-widget-icon-box\" data-id=\"1e0d7886\" data-element_type=\"widget\" data-widget_type=\"icon-box.default\">\n\t\t\t\t\t\t\t<div class=\"elementor-icon-box-wrapper\">\n\n\t\t\t\t\t\t<div class=\"elementor-icon-box-icon\">\n\t\t\t\t<a href=\"https:\/\/dbmetal.de\/pl\/galeria\/galeria-ogrodzen-z-podwojnej-siatki-drucianej\/\" class=\"elementor-icon\" tabindex=\"-1\" aria-label=\"Galeria Ogrodze\u0144 Z Podw\u00f3jnej Siatki Drucianej\">\n\t\t\t\t<i aria-hidden=\"true\" class=\"mdi mdi-chevron-double-right\"><\/i>\t\t\t\t<\/a>\n\t\t\t<\/div>\n\t\t\t\n\t\t\t\t\t\t<div class=\"elementor-icon-box-content\">\n\n\t\t\t\t\t\t\t\t\t<div class=\"elementor-icon-box-title\">\n\t\t\t\t\t\t<a href=\"https:\/\/dbmetal.de\/pl\/galeria\/galeria-ogrodzen-z-podwojnej-siatki-drucianej\/\" >\n\t\t\t\t\t\t\tGaleria Ogrodze\u0144 Z Podw\u00f3jnej Siatki Drucianej\t\t\t\t\t\t<\/a>\n\t\t\t\t\t<\/div>\n\t\t\t\t\n\t\t\t\t\n\t\t\t<\/div>\n\t\t\t\n\t\t<\/div>\n\t\t\t\t\t\t<\/div>\n\t\t\t\t<div class=\"elementor-element elementor-element-26cb2c3 elementor-position-right elementor-mobile-position-right elementor-view-default elementor-widget elementor-widget-icon-box\" data-id=\"26cb2c3\" data-element_type=\"widget\" data-widget_type=\"icon-box.default\">\n\t\t\t\t\t\t\t<div class=\"elementor-icon-box-wrapper\">\n\n\t\t\t\t\t\t<div class=\"elementor-icon-box-icon\">\n\t\t\t\t<a href=\"https:\/\/dbmetal.de\/pl\/galeria\/galeria-bram-i-furtek\/\" class=\"elementor-icon\" tabindex=\"-1\" aria-label=\"Galeria Bram i Furtek\">\n\t\t\t\t<i aria-hidden=\"true\" class=\"mdi mdi-chevron-double-right\"><\/i>\t\t\t\t<\/a>\n\t\t\t<\/div>\n\t\t\t\n\t\t\t\t\t\t<div class=\"elementor-icon-box-content\">\n\n\t\t\t\t\t\t\t\t\t<div class=\"elementor-icon-box-title\">\n\t\t\t\t\t\t<a href=\"https:\/\/dbmetal.de\/pl\/galeria\/galeria-bram-i-furtek\/\" >\n\t\t\t\t\t\t\tGaleria Bram i Furtek\t\t\t\t\t\t<\/a>\n\t\t\t\t\t<\/div>\n\t\t\t\t\n\t\t\t\t\n\t\t\t<\/div>\n\t\t\t\n\t\t<\/div>\n\t\t\t\t\t\t<\/div>\n\t\t\t\t<div class=\"elementor-element elementor-element-5970bb9d elementor-position-right elementor-mobile-position-right elementor-view-default elementor-widget elementor-widget-icon-box\" data-id=\"5970bb9d\" data-element_type=\"widget\" data-widget_type=\"icon-box.default\">\n\t\t\t\t\t\t\t<div class=\"elementor-icon-box-wrapper\">\n\n\t\t\t\t\t\t<div class=\"elementor-icon-box-icon\">\n\t\t\t\t<a href=\"https:\/\/dbmetal.de\/pl\/galeria\/galeria-systemow-bram-automatycznych\/\" class=\"elementor-icon\" tabindex=\"-1\" aria-label=\"Galeria system\u00f3w bram automatycznych\">\n\t\t\t\t<i aria-hidden=\"true\" class=\"mdi mdi-chevron-double-right\"><\/i>\t\t\t\t<\/a>\n\t\t\t<\/div>\n\t\t\t\n\t\t\t\t\t\t<div class=\"elementor-icon-box-content\">\n\n\t\t\t\t\t\t\t\t\t<div class=\"elementor-icon-box-title\">\n\t\t\t\t\t\t<a href=\"https:\/\/dbmetal.de\/pl\/galeria\/galeria-systemow-bram-automatycznych\/\" >\n\t\t\t\t\t\t\tGaleria system\u00f3w bram automatycznych\t\t\t\t\t\t<\/a>\n\t\t\t\t\t<\/div>\n\t\t\t\t\n\t\t\t\t\n\t\t\t<\/div>\n\t\t\t\n\t\t<\/div>\n\t\t\t\t\t\t<\/div>\n\t\t\t\t<div class=\"elementor-element elementor-element-519cf924 elementor-position-right elementor-mobile-position-right elementor-view-default elementor-widget elementor-widget-icon-box\" data-id=\"519cf924\" data-element_type=\"widget\" data-widget_type=\"icon-box.default\">\n\t\t\t\t\t\t\t<div class=\"elementor-icon-box-wrapper\">\n\n\t\t\t\t\t\t<div class=\"elementor-icon-box-icon\">\n\t\t\t\t<a href=\"https:\/\/dbmetal.de\/pl\/galeria\/galeria-ogrodzen-wpc\/\" class=\"elementor-icon\" tabindex=\"-1\" aria-label=\"Galeria ogrodze\u0144 WPC\">\n\t\t\t\t<i aria-hidden=\"true\" class=\"mdi mdi-chevron-double-right\"><\/i>\t\t\t\t<\/a>\n\t\t\t<\/div>\n\t\t\t\n\t\t\t\t\t\t<div class=\"elementor-icon-box-content\">\n\n\t\t\t\t\t\t\t\t\t<div class=\"elementor-icon-box-title\">\n\t\t\t\t\t\t<a href=\"https:\/\/dbmetal.de\/pl\/galeria\/galeria-ogrodzen-wpc\/\" >\n\t\t\t\t\t\t\tGaleria ogrodze\u0144 WPC\t\t\t\t\t\t<\/a>\n\t\t\t\t\t<\/div>\n\t\t\t\t\n\t\t\t\t\n\t\t\t<\/div>\n\t\t\t\n\t\t<\/div>\n\t\t\t\t\t\t<\/div>\n\t\t\t\t<div class=\"elementor-element elementor-element-705b38f0 elementor-position-right elementor-mobile-position-right elementor-view-default elementor-widget elementor-widget-icon-box\" data-id=\"705b38f0\" data-element_type=\"widget\" data-widget_type=\"icon-box.default\">\n\t\t\t\t\t\t\t<div class=\"elementor-icon-box-wrapper\">\n\n\t\t\t\t\t\t<div class=\"elementor-icon-box-icon\">\n\t\t\t\t<a href=\"https:\/\/dbmetal.de\/pl\/galeria\/galeria-ogrodzen-gabionowych\/\" class=\"elementor-icon\" tabindex=\"-1\" aria-label=\"Galeria ogrodze\u0144 gabionowych\">\n\t\t\t\t<i aria-hidden=\"true\" class=\"mdi mdi-chevron-double-right\"><\/i>\t\t\t\t<\/a>\n\t\t\t<\/div>\n\t\t\t\n\t\t\t\t\t\t<div class=\"elementor-icon-box-content\">\n\n\t\t\t\t\t\t\t\t\t<div class=\"elementor-icon-box-title\">\n\t\t\t\t\t\t<a href=\"https:\/\/dbmetal.de\/pl\/galeria\/galeria-ogrodzen-gabionowych\/\" >\n\t\t\t\t\t\t\tGaleria ogrodze\u0144 gabionowych\t\t\t\t\t\t<\/a>\n\t\t\t\t\t<\/div>\n\t\t\t\t\n\t\t\t\t\n\t\t\t<\/div>\n\t\t\t\n\t\t<\/div>\n\t\t\t\t\t\t<\/div>\n\t\t\t\t<div class=\"elementor-element elementor-element-6a928b8 elementor-position-right elementor-mobile-position-right elementor-view-default elementor-widget elementor-widget-icon-box\" data-id=\"6a928b8\" data-element_type=\"widget\" data-widget_type=\"icon-box.default\">\n\t\t\t\t\t\t\t<div class=\"elementor-icon-box-wrapper\">\n\n\t\t\t\t\t\t<div class=\"elementor-icon-box-icon\">\n\t\t\t\t<a href=\"https:\/\/dbmetal.de\/pl\/galeria\/galeria-balustrad-balkonowych-i-schodowych\/\" class=\"elementor-icon\" tabindex=\"-1\" aria-label=\"Galeria balustrad balkonowych i schodowych\">\n\t\t\t\t<i aria-hidden=\"true\" class=\"mdi mdi-chevron-double-right\"><\/i>\t\t\t\t<\/a>\n\t\t\t<\/div>\n\t\t\t\n\t\t\t\t\t\t<div class=\"elementor-icon-box-content\">\n\n\t\t\t\t\t\t\t\t\t<div class=\"elementor-icon-box-title\">\n\t\t\t\t\t\t<a href=\"https:\/\/dbmetal.de\/pl\/galeria\/galeria-balustrad-balkonowych-i-schodowych\/\" >\n\t\t\t\t\t\t\tGaleria balustrad balkonowych i schodowych\t\t\t\t\t\t<\/a>\n\t\t\t\t\t<\/div>\n\t\t\t\t\n\t\t\t\t\n\t\t\t<\/div>\n\t\t\t\n\t\t<\/div>\n\t\t\t\t\t\t<\/div>\n\t\t\t\t<\/div>\n\t\t\t\t<\/div>\n\t\t\t\t\t<\/div>\n\t\t\t\t<\/div>\n\t\t<div class=\"elementor-element elementor-element-65483201 e-flex e-con-boxed e-con e-parent\" data-id=\"65483201\" data-element_type=\"container\" data-settings=\"{&quot;background_background&quot;:&quot;classic&quot;}\">\n\t\t\t\t\t<div class=\"e-con-inner\">\n\t\t<div class=\"elementor-element elementor-element-7f00e70b e-flex e-con-boxed e-con e-child\" data-id=\"7f00e70b\" data-element_type=\"container\">\n\t\t\t\t\t<div class=\"e-con-inner\">\n\t\t\t\t<div class=\"elementor-element elementor-element-2c95a6b9 elementor-widget__width-initial elementor-widget-tablet__width-inherit elementor-invisible elementor-widget elementor-widget-heading\" data-id=\"2c95a6b9\" data-element_type=\"widget\" data-settings=\"{&quot;_animation&quot;:&quot;fadeInUp&quot;}\" data-widget_type=\"heading.default\">\n\t\t\t\t\t<h2 class=\"elementor-heading-title elementor-size-default\">Galeria wynik\u00f3w naszej pracy<\/h2>\t\t\t\t<\/div>\n\t\t\t\t\t<\/div>\n\t\t\t\t<\/div>\n\t\t<div class=\"elementor-element elementor-element-5b5599d7 e-flex e-con-boxed e-con e-child\" data-id=\"5b5599d7\" data-element_type=\"container\">\n\t\t\t\t\t<div class=\"e-con-inner\">\n\t\t<div class=\"elementor-element elementor-element-1591117c e-con-full e-flex elementor-invisible e-con e-child\" data-id=\"1591117c\" data-element_type=\"container\" data-settings=\"{&quot;background_background&quot;:&quot;classic&quot;,&quot;animation&quot;:&quot;fadeInUp&quot;}\">\n\t\t\t\t<div class=\"elementor-element elementor-element-4c280063 elementor-widget elementor-widget-shortcode\" data-id=\"4c280063\" data-element_type=\"widget\" data-widget_type=\"shortcode.default\">\n\t\t\t\t\t\t\t<div class=\"elementor-shortcode\">ngg_shortcode_0_placeholder<\/div>\n\t\t\t\t\t\t<\/div>\n\t\t\t\t<\/div>\n\t\t\t\t\t<\/div>\n\t\t\t\t<\/div>\n\t\t\t\t\t<\/div>\n\t\t\t\t<\/div>\n\t\t<div class=\"elementor-element elementor-element-5ef8006 e-flex e-con-boxed e-con e-parent\" data-id=\"5ef8006\" data-element_type=\"container\" data-settings=\"{&quot;background_background&quot;:&quot;classic&quot;}\">\n\t\t\t\t\t<div class=\"e-con-inner\">\n\t\t<div class=\"elementor-element elementor-element-4b4e540b e-con-full e-flex elementor-invisible e-con e-child\" data-id=\"4b4e540b\" data-element_type=\"container\" data-settings=\"{&quot;animation&quot;:&quot;bounceInLeft&quot;}\">\n\t\t\t\t<div class=\"elementor-element elementor-element-6b635d42 elementor-widget elementor-widget-heading\" data-id=\"6b635d42\" data-element_type=\"widget\" data-widget_type=\"heading.default\">\n\t\t\t\t\t<h2 class=\"elementor-heading-title elementor-size-default\">Zaprojektuj swoje idealne ogrodzenie<\/h2>\t\t\t\t<\/div>\n\t\t\t\t<div class=\"elementor-element elementor-element-78ed9fcf elementor-widget elementor-widget-text-editor\" data-id=\"78ed9fcf\" data-element_type=\"widget\" data-widget_type=\"text-editor.default\">\n\t\t\t\t\t\t\t\t\t<p>Marzysz o ogrodzeniu idealnie dopasowanym do Twojego domu i ogrodu? Skorzystaj z naszego konfiguratora i zaprojektuj indywidualne rozwi\u0105zanie. Odkryj, jak \u0142atwo jest zaprojektowa\u0107 ogrodzenie, kt\u00f3re jest tak wyj\u0105tkowe, jak Ty.<\/p>\t\t\t\t\t\t\t\t<\/div>\n\t\t\t\t<div class=\"elementor-element elementor-element-1fdcc715 elementor-mobile-align-justify elementor-widget__width-auto elementor-widget-mobile__width-inherit elementor-invisible elementor-widget elementor-widget-button\" data-id=\"1fdcc715\" data-element_type=\"widget\" data-settings=\"{&quot;_animation&quot;:&quot;fadeIn&quot;,&quot;_animation_delay&quot;:1080}\" data-widget_type=\"button.default\">\n\t\t\t\t\t\t\t\t\t\t<a class=\"elementor-button elementor-button-link elementor-size-md\" href=\"https:\/\/dbmetal.de\/pl\/zapytanie-ofertowe\/\">\n\t\t\t\t\t\t<span class=\"elementor-button-content-wrapper\">\n\t\t\t\t\t\t\t\t\t<span class=\"elementor-button-text\">Skonfiguruj teraz<\/span>\n\t\t\t\t\t<\/span>\n\t\t\t\t\t<\/a>\n\t\t\t\t\t\t\t\t<\/div>\n\t\t\t\t<\/div>\n\t\t\t\t\t<\/div>\n\t\t\t\t<\/div>\n\t\t\t\t<\/div>","protected":false},"excerpt":{"rendered":"<p>Gabionen-Z\u00e4une Galerie Bei der Qualit\u00e4t unserer Materialien gehen wir keine Kompromisse ein. Home Inspirationen zu Gabionen Wir laden Sie ein, unsere Galerie mit realisierten Projekten zu besuchen, die das Handwerk und die \u00c4sthetik der Raumgestaltung widerspiegeln. Entdecken Sie die unz\u00e4hligen M\u00f6glichkeiten der Gabionen &#8211; von klassischen bis zu modernen Arrangements. Jedes Bild erz\u00e4hlt eine Geschichte [&hellip;]<\/p>","protected":false},"author":1,"featured_media":0,"parent":146,"menu_order":0,"comment_status":"closed","ping_status":"closed","template":"elementor_header_footer","meta":{"_seopress_robots_primary_cat":"","_seopress_titles_title":"Galerie der Gabionenz\u00e4une | \u00c4sthetik & Funktion | Dragon Ball Metal","_seopress_titles_desc":"Erkunden Sie unsere Galerie der Gabionenz\u00e4une, die Handwerkskunst mit moderner \u00c4sthetik kombiniert. Lassen Sie sich von der Vielfalt und Funktionalit\u00e4t unserer ma\u00dfgeschneiderten Gabionen-Projekte inspirieren.","_seopress_robots_index":"","ngg_post_thumbnail":0,"footnotes":""},"class_list":["post-1584","page","type-page","status-publish"],"_links":{"self":[{"href":"https:\/\/dbmetal.de\/pl\/wp-json\/wp\/v2\/pages\/1584","targetHints":{"allow":["GET"]}}],"collection":[{"href":"https:\/\/dbmetal.de\/pl\/wp-json\/wp\/v2\/pages"}],"about":[{"href":"https:\/\/dbmetal.de\/pl\/wp-json\/wp\/v2\/types\/page"}],"author":[{"embeddable":true,"href":"https:\/\/dbmetal.de\/pl\/wp-json\/wp\/v2\/users\/1"}],"replies":[{"embeddable":true,"href":"https:\/\/dbmetal.de\/pl\/wp-json\/wp\/v2\/comments?post=1584"}],"version-history":[{"count":45,"href":"https:\/\/dbmetal.de\/pl\/wp-json\/wp\/v2\/pages\/1584\/revisions"}],"predecessor-version":[{"id":6569,"href":"https:\/\/dbmetal.de\/pl\/wp-json\/wp\/v2\/pages\/1584\/revisions\/6569"}],"up":[{"embeddable":true,"href":"https:\/\/dbmetal.de\/pl\/wp-json\/wp\/v2\/pages\/146"}],"wp:attachment":[{"href":"https:\/\/dbmetal.de\/pl\/wp-json\/wp\/v2\/media?parent=1584"}],"curies":[{"name":"wp","href":"https:\/\/api.w.org\/{rel}","templated":true}]}}