{"id":207,"date":"2024-04-02T13:00:01","date_gmt":"2024-04-02T11:00:01","guid":{"rendered":"https:\/\/dbmetal.de\/?page_id=207"},"modified":"2024-05-07T12:34:37","modified_gmt":"2024-05-07T10:34:37","slug":"impressum","status":"publish","type":"page","link":"https:\/\/dbmetal.de\/pl\/impressum\/","title":{"rendered":"Impressum"},"content":{"rendered":"<div data-elementor-type=\"wp-page\" data-elementor-id=\"207\" class=\"elementor elementor-207\" data-elementor-post-type=\"page\">\n\t\t\t\t<div class=\"elementor-element elementor-element-8340b71 e-flex e-con-boxed e-con e-parent\" data-id=\"8340b71\" data-element_type=\"container\" data-settings=\"{&quot;background_background&quot;:&quot;classic&quot;,&quot;background_motion_fx_motion_fx_scrolling&quot;:&quot;yes&quot;,&quot;background_motion_fx_translateY_effect&quot;:&quot;yes&quot;,&quot;background_motion_fx_translateY_direction&quot;:&quot;negative&quot;,&quot;background_motion_fx_translateY_speed&quot;:{&quot;unit&quot;:&quot;px&quot;,&quot;size&quot;:4,&quot;sizes&quot;:[]},&quot;background_motion_fx_translateY_affectedRange&quot;:{&quot;unit&quot;:&quot;%&quot;,&quot;size&quot;:&quot;&quot;,&quot;sizes&quot;:{&quot;start&quot;:0,&quot;end&quot;:100}},&quot;background_motion_fx_devices&quot;:[&quot;widescreen&quot;,&quot;desktop&quot;,&quot;laptop&quot;,&quot;tablet_extra&quot;,&quot;tablet&quot;,&quot;mobile_extra&quot;,&quot;mobile&quot;]}\">\n\t\t\t\t\t<div class=\"e-con-inner\">\n\t\t<div class=\"elementor-element elementor-element-207f92e2 e-con-full e-flex e-con e-child\" data-id=\"207f92e2\" data-element_type=\"container\">\n\t\t\t\t<div class=\"elementor-element elementor-element-3ddf0d6d elementor-invisible elementor-widget elementor-widget-heading\" data-id=\"3ddf0d6d\" data-element_type=\"widget\" data-settings=\"{&quot;_animation&quot;:&quot;fadeInDown&quot;}\" data-widget_type=\"heading.default\">\n\t\t\t\t\t<h1 class=\"elementor-heading-title elementor-size-default\">Impressum<\/h1>\t\t\t\t<\/div>\n\t\t\t\t<\/div>\n\t\t\t\t\t<\/div>\n\t\t\t\t<\/div>\n\t\t<div class=\"elementor-element elementor-element-cd7ac9 e-flex e-con-boxed e-con e-parent\" data-id=\"cd7ac9\" data-element_type=\"container\" data-settings=\"{&quot;background_background&quot;:&quot;classic&quot;}\">\n\t\t\t\t\t<div class=\"e-con-inner\">\n\t\t<div class=\"elementor-element elementor-element-1992a8d9 e-con-full e-flex e-con e-child\" data-id=\"1992a8d9\" data-element_type=\"container\">\n\t\t\t\t<div class=\"elementor-element elementor-element-35cd857 elementor-widget elementor-widget-sp-breadcrumbs\" data-id=\"35cd857\" data-element_type=\"widget\" data-widget_type=\"sp-breadcrumbs.default\">\n\t\t\t\t<div class=\"elementor-widget-container\">\n\t\t\t\t\t<nav  aria-label=\"okruszki\"><ol class=\"breadcrumb\" itemscope itemtype=\"https:\/\/schema.org\/BreadcrumbList\"><li class=\"breadcrumb-item active\" aria-current=\"page\" itemprop=\"itemListElement\" itemscope itemtype=\"https:\/\/schema.org\/ListItem\"><span itemprop=\"name\">Home<\/span><meta itemprop=\"position\" content=\"1\"><\/li><\/ol><\/nav>\t\t\t\t<\/div>\n\t\t\t\t<\/div>\n\t\t\t\t<\/div>\n\t\t\t\t\t<\/div>\n\t\t\t\t<\/div>\n\t\t<div class=\"elementor-element elementor-element-3d38ad8e e-flex e-con-boxed e-con e-parent\" data-id=\"3d38ad8e\" data-element_type=\"container\">\n\t\t\t\t\t<div class=\"e-con-inner\">\n\t\t<div class=\"elementor-element elementor-element-64cc7372 e-con-full e-flex e-con e-child\" data-id=\"64cc7372\" data-element_type=\"container\">\n\t\t\t\t<div class=\"elementor-element elementor-element-34cd4688 elementor-widget elementor-widget-heading\" data-id=\"34cd4688\" data-element_type=\"widget\" data-widget_type=\"heading.default\">\n\t\t\t\t\t<h2 class=\"elementor-heading-title elementor-size-default\">Impressum<\/h2>\t\t\t\t<\/div>\n\t\t\t\t<div class=\"elementor-element elementor-element-68d54bc3 elementor-widget elementor-widget-text-editor\" data-id=\"68d54bc3\" data-element_type=\"widget\" data-widget_type=\"text-editor.default\">\n\t\t\t\t\t\t\t\t\t<p>Impressum strony dbmetal.de<br \/>Informacje zgodnie z \u00a7 5 TMG:<\/p><p>DRAGON BALL METAL KONRAD DUDA<br \/>Konrad Duda<br \/>Siedziba: Owocowa 14, 66-431 Janczewo, Polska<\/p><p>Nr NIP: PL 5993262988<\/p><p>Regon: 521280878<\/p><p>Reprezentowany przez:<br \/>Konrad Duda<\/p><p>Kontakt:<br \/>Konrad Duda<br \/>Owocowa 14, 66-431 Janczewo, Polska<br \/>Telefon kom\u00f3rkowy:\u00a0<a href=\"tel:+4915166363091\">+49 151663 630 91<\/a><br \/>e-mail:\u00a0<a href=\"mailto:biuro@dbmetal.eu\">biuro@dbmetal.eu<\/a><\/p><p>Zastrze\u017cenie<\/p><p>Odpowiedzialno\u015b\u0107 za tre\u015b\u0107<\/p><p>Zawarto\u015b\u0107 naszych stron zosta\u0142a stworzona z najwi\u0119ksz\u0105 staranno\u015bci\u0105. Nie mo\u017cemy jednak przyj\u0105\u0107 \u017cadnej odpowiedzialno\u015bci za dok\u0142adno\u015b\u0107, kompletno\u015b\u0107 i aktualno\u015b\u0107 tre\u015bci. Jako dostawca us\u0142ug jeste\u015bmy odpowiedzialni za w\u0142asne tre\u015bci na tych stronach zgodnie z \u00a7 7 ust. 1 TMG (niemiecka ustawa o telemediach) i og\u00f3lnymi przepisami prawa. Zgodnie z \u00a7\u00a7 8 do 10 TMG, jako us\u0142ugodawca nie jeste\u015bmy jednak zobowi\u0105zani do monitorowania przesy\u0142anych lub przechowywanych informacji os\u00f3b trzecich ani do badania okoliczno\u015bci wskazuj\u0105cych na nielegaln\u0105 dzia\u0142alno\u015b\u0107. Nie ma to wp\u0142ywu na obowi\u0105zek usuni\u0119cia lub zablokowania korzystania z informacji zgodnie z og\u00f3lnymi przepisami prawa. Odpowiedzialno\u015b\u0107 w tym zakresie jest jednak mo\u017cliwa dopiero od momentu powzi\u0119cia informacji o konkretnym naruszeniu. Gdy tylko dowiemy si\u0119 o takich naruszeniach, niezw\u0142ocznie usuniemy te tre\u015bci.<\/p>\t\t\t\t\t\t\t\t<\/div>\n\t\t\t\t<\/div>\n\t\t\t\t\t<\/div>\n\t\t\t\t<\/div>\n\t\t\t\t<\/div>","protected":false},"excerpt":{"rendered":"<p>Impressum Home Impressum Impressum der Seite dbmetal.deAngaben gem\u00e4\u00df \u00a7 5 TMG: DRAGON BALL METAL KONRAD DUDAKonrad DudaGesch\u00e4ftssitz: Owocowa 14, 66-431 Janczewo, Polen USt.-Id.-Nr: PL 5993262988 Regon: 521280878 Vertreten durch:Konrad Duda Kontakt:Konrad DudaOwocowa 14, 66-431 Janczewo, PolandMobile:\u00a0+49 151663 630 91E-Mail:\u00a0biuro@dbmetal.eu Haftungsausschluss Haftung f\u00fcr Inhalte Die Inhalte unserer Seiten wurden mit gr\u00f6\u00dfter Sorgfalt erstellt. F\u00fcr die Richtigkeit, [&hellip;]<\/p>","protected":false},"author":1,"featured_media":0,"parent":0,"menu_order":0,"comment_status":"closed","ping_status":"closed","template":"elementor_header_footer","meta":{"_seopress_robots_primary_cat":"","_seopress_titles_title":"Impressum - Dragon Ball Metal - Moderne Z\u00e4une","_seopress_titles_desc":"Rechtliche Informationen und Kontaktdaten von Dragon Ball Metal. Entdecken Sie unser Impressum mit allen notwendigen Angaben gem\u00e4\u00df \u00a7 5 TMG und Kontaktinformationen.","_seopress_robots_index":"yes","ngg_post_thumbnail":0,"footnotes":""},"class_list":["post-207","page","type-page","status-publish"],"_links":{"self":[{"href":"https:\/\/dbmetal.de\/pl\/wp-json\/wp\/v2\/pages\/207","targetHints":{"allow":["GET"]}}],"collection":[{"href":"https:\/\/dbmetal.de\/pl\/wp-json\/wp\/v2\/pages"}],"about":[{"href":"https:\/\/dbmetal.de\/pl\/wp-json\/wp\/v2\/types\/page"}],"author":[{"embeddable":true,"href":"https:\/\/dbmetal.de\/pl\/wp-json\/wp\/v2\/users\/1"}],"replies":[{"embeddable":true,"href":"https:\/\/dbmetal.de\/pl\/wp-json\/wp\/v2\/comments?post=207"}],"version-history":[{"count":20,"href":"https:\/\/dbmetal.de\/pl\/wp-json\/wp\/v2\/pages\/207\/revisions"}],"predecessor-version":[{"id":5479,"href":"https:\/\/dbmetal.de\/pl\/wp-json\/wp\/v2\/pages\/207\/revisions\/5479"}],"wp:attachment":[{"href":"https:\/\/dbmetal.de\/pl\/wp-json\/wp\/v2\/media?parent=207"}],"curies":[{"name":"wp","href":"https:\/\/api.w.org\/{rel}","templated":true}]}}